{"id":647,"date":"2025-12-08T20:00:33","date_gmt":"2025-12-08T20:00:33","guid":{"rendered":"https:\/\/medv-design.org\/product\/progold-finisher-spray\/"},"modified":"2026-02-07T15:49:43","modified_gmt":"2026-02-07T15:49:43","slug":"progold-finisher-spray","status":"publish","type":"product","link":"https:\/\/medv-design.org\/fr\/produit\/progold-finisher-spray\/","title":{"rendered":"Progold Finisher Spray"},"content":{"rendered":"<h3>Principales caract\u00e9ristiques<\/h3>\n<ul>\n<li>Neutre, \u00e0 faible odeur et universel<\/li>\n<li>Pour le scellement humide des joints d'\u00e9tanch\u00e9it\u00e9<\/li>\n<li>Dans un flacon pulv\u00e9risateur pratique<\/li>\n<li>Contenu 500 ml<\/li>\n<\/ul>","protected":false},"excerpt":{"rendered":"<p>Caract\u00e9ristiques principales : neutre, inodore et universel Pour la d\u00e9coupe humide des joints de scellant Dans un vaporisateur pratique Contenu 500 ml<\/p>","protected":false},"featured_media":927,"comment_status":"open","ping_status":"closed","template":"","meta":[],"product_brand":[88],"product_cat":[107,100,19],"product_tag":[],"class_list":{"0":"post-647","1":"product","2":"type-product","3":"status-publish","4":"has-post-thumbnail","6":"product_brand-progold","7":"product_cat-schildersbenodigdheden-overige-producten","8":"product_cat-schildersbenodigdheden-reiniging-en-verdunning","9":"product_cat-schildersbenodigdheden","10":"pa_merk-progold","11":"pa_upc-642","13":"first","14":"instock","15":"shipping-taxable","16":"purchasable","17":"product-type-simple"},"_links":{"self":[{"href":"https:\/\/medv-design.org\/fr\/wp-json\/wp\/v2\/product\/647","targetHints":{"allow":["GET"]}}],"collection":[{"href":"https:\/\/medv-design.org\/fr\/wp-json\/wp\/v2\/product"}],"about":[{"href":"https:\/\/medv-design.org\/fr\/wp-json\/wp\/v2\/types\/product"}],"replies":[{"embeddable":true,"href":"https:\/\/medv-design.org\/fr\/wp-json\/wp\/v2\/comments?post=647"}],"wp:featuredmedia":[{"embeddable":true,"href":"https:\/\/medv-design.org\/fr\/wp-json\/wp\/v2\/media\/927"}],"wp:attachment":[{"href":"https:\/\/medv-design.org\/fr\/wp-json\/wp\/v2\/media?parent=647"}],"wp:term":[{"taxonomy":"product_brand","embeddable":true,"href":"https:\/\/medv-design.org\/fr\/wp-json\/wp\/v2\/product_brand?post=647"},{"taxonomy":"product_cat","embeddable":true,"href":"https:\/\/medv-design.org\/fr\/wp-json\/wp\/v2\/product_cat?post=647"},{"taxonomy":"product_tag","embeddable":true,"href":"https:\/\/medv-design.org\/fr\/wp-json\/wp\/v2\/product_tag?post=647"}],"curies":[{"name":"wp","href":"https:\/\/api.w.org\/{rel}","templated":true}]}}