{"id":646,"date":"2025-12-08T20:00:33","date_gmt":"2025-12-08T20:00:33","guid":{"rendered":"https:\/\/medv-design.org\/product\/progold-filler-finish-pleister\/"},"modified":"2026-02-07T15:49:45","modified_gmt":"2026-02-07T15:49:45","slug":"progold-filler-finish-pleister","status":"publish","type":"product","link":"https:\/\/medv-design.org\/fr\/produit\/progold-filler-finish-pleister\/","title":{"rendered":"Pl\u00e2tre Progold et enduit"},"content":{"rendered":"<p><strong><span style=\"font-size: 20px;\">Description<\/span><br \/><\/strong><br \/>Un enduit l\u00e9ger pr\u00eat \u00e0 l\u2019emploi pour joints et un enduit de nivellement pour un usage int\u00e9rieur \u00e0 base d\u2019acrylate de styr\u00e8ne.<\/p>\n<p><strong><span style=\"font-size: 20px;\">But de l'utilisation<\/span><\/strong><\/p>\n<ul>\n<li>Pour remplir les joints dans les plaques de pl\u00e2tre avec bords longitudinaux biseaut\u00e9s (AK) et visser les trous dans le placopl\u00e2tre.<\/li>\n<li>Nivellement de plaques de pl\u00e2tre et divers substrats min\u00e9raux.<\/li>\n<li>Niveler les surfaces trait\u00e9es avec du tissu de verre, du pl\u00e2tre d\u00e9coratif et de la peinture murale.<\/li>\n<\/ul>\n<p><span style=\"font-size: 20px;\"><strong>Principales caract\u00e9ristiques<\/strong><\/span><\/p>\n<ul>\n<li>Largement applicable.<\/li>\n<li>Bonne capacit\u00e9 de remplissage.<\/li>\n<li>Bonne adh\u00e9rence.<\/li>\n<li>Peut \u00eatre appliqu\u00e9 jusqu\u2019\u00e0 4 mm d\u2019\u00e9paisseur de couche.<\/li>\n<li>Facile \u00e0 appliquer.<\/li>\n<li>Petit r\u00e9tr\u00e9cissement de la situation.<\/li>\n<li>Test\u00e9 conform\u00e9ment \u00e0 la norme DIN EN 13963 en combinaison avec du ruban adh\u00e9sif \u00e0 joints en papier.<\/li>\n<\/ul>","protected":false},"excerpt":{"rendered":"<p>OmschrijvingLichtgewicht, kant-en-klare voegenvuller en egalisatiepleister voor binnen op basis van styreenacrylaat. Gebruiksdoel Voor het vullen van naden bij gipsplaten met afgeschuinde langskanten (AK) en schroefgaten in gipskartonplaten. Het uitvlakken van gipskartonplaten en diverse minerale ondergronden. Het uitvlakken van ondergronden die behandeld zijn met glasweefsel, sierpleister en muurverf. Voornaamste kenmerken Breed inzetbaar. Goed vullend vermogen. Goede [&hellip;]<\/p>\n","protected":false},"featured_media":922,"comment_status":"open","ping_status":"closed","template":"","meta":[],"product_brand":[88],"product_cat":[763,764,94,19],"product_tag":[],"class_list":{"0":"post-646","1":"product","2":"type-product","3":"status-publish","4":"has-post-thumbnail","6":"product_brand-progold","7":"product_cat-763","8":"product_cat-764","9":"product_cat-schildersbenodigdheden-plamuur-vulmiddelen","10":"product_cat-schildersbenodigdheden","11":"pa_binnen-buiten-binnen","12":"pa_diepte-reparatie-per-laag-tot-4-mm","13":"pa_eigenschappen-overschilderbaar","14":"pa_kleur-lichtgrijs","15":"pa_merk-progold","16":"pa_ondergrond-oude-verflagen","17":"pa_samenstelling-1-component","18":"pa_upc-648","20":"first","21":"instock","22":"shipping-taxable","23":"purchasable","24":"product-type-simple"},"_links":{"self":[{"href":"https:\/\/medv-design.org\/fr\/wp-json\/wp\/v2\/product\/646","targetHints":{"allow":["GET"]}}],"collection":[{"href":"https:\/\/medv-design.org\/fr\/wp-json\/wp\/v2\/product"}],"about":[{"href":"https:\/\/medv-design.org\/fr\/wp-json\/wp\/v2\/types\/product"}],"replies":[{"embeddable":true,"href":"https:\/\/medv-design.org\/fr\/wp-json\/wp\/v2\/comments?post=646"}],"wp:featuredmedia":[{"embeddable":true,"href":"https:\/\/medv-design.org\/fr\/wp-json\/wp\/v2\/media\/922"}],"wp:attachment":[{"href":"https:\/\/medv-design.org\/fr\/wp-json\/wp\/v2\/media?parent=646"}],"wp:term":[{"taxonomy":"product_brand","embeddable":true,"href":"https:\/\/medv-design.org\/fr\/wp-json\/wp\/v2\/product_brand?post=646"},{"taxonomy":"product_cat","embeddable":true,"href":"https:\/\/medv-design.org\/fr\/wp-json\/wp\/v2\/product_cat?post=646"},{"taxonomy":"product_tag","embeddable":true,"href":"https:\/\/medv-design.org\/fr\/wp-json\/wp\/v2\/product_tag?post=646"}],"curies":[{"name":"wp","href":"https:\/\/api.w.org\/{rel}","templated":true}]}}