{"id":645,"date":"2025-12-08T20:00:33","date_gmt":"2025-12-08T20:00:33","guid":{"rendered":"https:\/\/medv-design.org\/product\/progold-duct-tape\/"},"modified":"2026-02-07T15:49:49","modified_gmt":"2026-02-07T15:49:49","slug":"progold-duct-tape","status":"publish","type":"product","link":"https:\/\/medv-design.org\/fr\/produit\/progold-duct-tape\/","title":{"rendered":"Ruban adh\u00e9sif ProGold"},"content":{"rendered":"<h1><span style=\"font-size: 20px;\">Description<\/span><\/h1>\n<div>     Ruban polyvalent fabriqu\u00e9 en textile solide et imperm\u00e9able recouvert de plastique, largement applicable \u00e0 l\u2019int\u00e9rieur comme \u00e0 l\u2019ext\u00e9rieur.     <\/p>\n<ul>\n<li>Ruban polyvalent fait d\u2019un textile solide, imperm\u00e9able et recouvert de plastique<\/li>\n<li>Parfaitement ajust\u00e9, flexible et extensible<\/li>\n<li>Haute r\u00e9sistance \u00e0 l\u2019adh\u00e9sif<\/li>\n<li>Tr\u00e8s adapt\u00e9 \u00e0 la pierre et au stuc<\/li>\n<li>Roulis 48 mm x 50 m<\/li>\n<\/ul><\/div>","protected":false},"excerpt":{"rendered":"<p>Omschrijving Allround tape van sterk, waterdicht met kunststof bedekt textiel, voor binnen en buiten breed toepasbaar. Allround tape van sterk, waterdicht, met kunststof bedekt textiel Optimaal voegzaam, soepel en rekbaar Grote kleefkracht Zeer geschikt voor gebruik op steen en stucwerk Rol 48 mm x 50 m<\/p>","protected":false},"featured_media":1013,"comment_status":"open","ping_status":"closed","template":"","meta":[],"product_brand":[88],"product_cat":[93,19],"product_tag":[],"class_list":{"0":"post-645","1":"product","2":"type-product","3":"status-publish","4":"has-post-thumbnail","6":"product_brand-progold","7":"product_cat-schildersbenodigdheden-masking-tape","8":"product_cat-schildersbenodigdheden","9":"pa_merk-progold","10":"pa_upc-592","12":"first","13":"instock","14":"shipping-taxable","15":"purchasable","16":"product-type-simple"},"_links":{"self":[{"href":"https:\/\/medv-design.org\/fr\/wp-json\/wp\/v2\/product\/645","targetHints":{"allow":["GET"]}}],"collection":[{"href":"https:\/\/medv-design.org\/fr\/wp-json\/wp\/v2\/product"}],"about":[{"href":"https:\/\/medv-design.org\/fr\/wp-json\/wp\/v2\/types\/product"}],"replies":[{"embeddable":true,"href":"https:\/\/medv-design.org\/fr\/wp-json\/wp\/v2\/comments?post=645"}],"wp:featuredmedia":[{"embeddable":true,"href":"https:\/\/medv-design.org\/fr\/wp-json\/wp\/v2\/media\/1013"}],"wp:attachment":[{"href":"https:\/\/medv-design.org\/fr\/wp-json\/wp\/v2\/media?parent=645"}],"wp:term":[{"taxonomy":"product_brand","embeddable":true,"href":"https:\/\/medv-design.org\/fr\/wp-json\/wp\/v2\/product_brand?post=645"},{"taxonomy":"product_cat","embeddable":true,"href":"https:\/\/medv-design.org\/fr\/wp-json\/wp\/v2\/product_cat?post=645"},{"taxonomy":"product_tag","embeddable":true,"href":"https:\/\/medv-design.org\/fr\/wp-json\/wp\/v2\/product_tag?post=645"}],"curies":[{"name":"wp","href":"https:\/\/api.w.org\/{rel}","templated":true}]}}