{"id":643,"date":"2025-12-08T20:00:33","date_gmt":"2025-12-08T20:00:33","guid":{"rendered":"https:\/\/medv-design.org\/product\/progold-deltastrook-exclusive-100-x-147-50-st\/"},"modified":"2026-02-07T15:49:54","modified_gmt":"2026-02-07T15:49:54","slug":"progold-deltastrook-exclusive-100-x-147-50-st","status":"publish","type":"product","link":"https:\/\/medv-design.org\/fr\/produit\/progold-deltastrook-exclusive-100-x-147-50-st\/","title":{"rendered":"Progold Delta Strip Exclusif 100 x 147 50 pi\u00e8ces"},"content":{"rendered":"<h1><span style=\"font-size: 20px;\">Description<\/span><\/h1>\n<div class=\"rtf\">     Bandes de pon\u00e7age Delta fournies avec un grain d\u2019oxyde d\u2019aluminium.<\/div>\n<div class=\"rtf\">       <\/p>\n<ul>\n<li>Taille 100 x 147 mm<\/li>\n<li>Grenaille d'oxyde d'aluminium<\/li>\n<li>60% d'\u00e9pandage ouvert (&gt;P120 toujours \u00e9pandage ferm\u00e9)<\/li>\n<li>Emballez 50 feuilles par bo\u00eete<\/li>\n<\/ul><\/div>","protected":false},"excerpt":{"rendered":"<p>Description des bandes de pon\u00e7age Delta avec un grain en oxyde d\u2019aluminium. Dimensions : 100 x 147 mm Grains d\u2019oxyde d\u2019aluminium 60 % \u00e9talage \u00e0 ciel ouvert (&gt;P120 \u00e9talement toujours ferm\u00e9) Emballage : 50 feuilles par bo\u00eete<\/p>","protected":false},"featured_media":968,"comment_status":"open","ping_status":"closed","template":"","meta":[],"product_brand":[88],"product_cat":[19,110],"product_tag":[],"class_list":{"0":"post-643","1":"product","2":"type-product","3":"status-publish","4":"has-post-thumbnail","6":"product_brand-progold","7":"product_cat-schildersbenodigdheden","8":"product_cat-schildersbenodigdheden-schuurmateriaal","9":"pa_korrel-p100","10":"pa_korrel-p120","11":"pa_korrel-p150","12":"pa_korrel-p180","13":"pa_korrel-p220","14":"pa_korrel-p240","15":"pa_korrel-p80","16":"pa_merk-progold","17":"pa_upc-592","19":"first","20":"instock","21":"shipping-taxable","22":"purchasable","23":"product-type-variable"},"_links":{"self":[{"href":"https:\/\/medv-design.org\/fr\/wp-json\/wp\/v2\/product\/643","targetHints":{"allow":["GET"]}}],"collection":[{"href":"https:\/\/medv-design.org\/fr\/wp-json\/wp\/v2\/product"}],"about":[{"href":"https:\/\/medv-design.org\/fr\/wp-json\/wp\/v2\/types\/product"}],"replies":[{"embeddable":true,"href":"https:\/\/medv-design.org\/fr\/wp-json\/wp\/v2\/comments?post=643"}],"wp:featuredmedia":[{"embeddable":true,"href":"https:\/\/medv-design.org\/fr\/wp-json\/wp\/v2\/media\/968"}],"wp:attachment":[{"href":"https:\/\/medv-design.org\/fr\/wp-json\/wp\/v2\/media?parent=643"}],"wp:term":[{"taxonomy":"product_brand","embeddable":true,"href":"https:\/\/medv-design.org\/fr\/wp-json\/wp\/v2\/product_brand?post=643"},{"taxonomy":"product_cat","embeddable":true,"href":"https:\/\/medv-design.org\/fr\/wp-json\/wp\/v2\/product_cat?post=643"},{"taxonomy":"product_tag","embeddable":true,"href":"https:\/\/medv-design.org\/fr\/wp-json\/wp\/v2\/product_tag?post=643"}],"curies":[{"name":"wp","href":"https:\/\/api.w.org\/{rel}","templated":true}]}}