{"id":642,"date":"2025-12-08T20:00:33","date_gmt":"2025-12-08T20:00:33","guid":{"rendered":"https:\/\/medv-design.org\/product\/progold-combi-block-fijne-korrel\/"},"modified":"2026-02-07T15:49:57","modified_gmt":"2026-02-07T15:49:57","slug":"progold-combi-block-fijne-korrel","status":"publish","type":"product","link":"https:\/\/medv-design.org\/fr\/produit\/progold-combi-block-fijne-korrel\/","title":{"rendered":"Bloc Progold Combi \u00e0 grain fin"},"content":{"rendered":"<h3>Description<\/h3>\n<p>Le bloc combin\u00e9 ProGold est un bloc de pon\u00e7age en mousse dure dont la forme sp\u00e9cialement con\u00e7ue permet d'obtenir de meilleurs r\u00e9sultats dans les zones difficiles d'acc\u00e8s. Le bloc facilite le pon\u00e7age des lattes de verre, des coins et des rainures, entre autres. <\/p>","protected":false},"excerpt":{"rendered":"<p>Description Le bloc combi ProGold est un bloc de pon\u00e7age en mousse dure avec une forme de bloc sp\u00e9cialement con\u00e7ue, offrant un meilleur r\u00e9sultat dans les endroits difficiles d\u2019acc\u00e8s. Le bloc facilite le pon\u00e7age des billes de vitrage, des coins et des rainures, entre autres.<\/p>","protected":false},"featured_media":838,"comment_status":"open","ping_status":"closed","template":"","meta":[],"product_brand":[88],"product_cat":[19,110],"product_tag":[],"class_list":{"0":"post-642","1":"product","2":"type-product","3":"status-publish","4":"has-post-thumbnail","6":"product_brand-progold","7":"product_cat-schildersbenodigdheden","8":"product_cat-schildersbenodigdheden-schuurmateriaal","9":"pa_merk-progold","10":"pa_stuk-1-stuk","11":"pa_stuk-6-stuks","13":"first","14":"instock","15":"shipping-taxable","16":"purchasable","17":"product-type-variable"},"_links":{"self":[{"href":"https:\/\/medv-design.org\/fr\/wp-json\/wp\/v2\/product\/642","targetHints":{"allow":["GET"]}}],"collection":[{"href":"https:\/\/medv-design.org\/fr\/wp-json\/wp\/v2\/product"}],"about":[{"href":"https:\/\/medv-design.org\/fr\/wp-json\/wp\/v2\/types\/product"}],"replies":[{"embeddable":true,"href":"https:\/\/medv-design.org\/fr\/wp-json\/wp\/v2\/comments?post=642"}],"wp:featuredmedia":[{"embeddable":true,"href":"https:\/\/medv-design.org\/fr\/wp-json\/wp\/v2\/media\/838"}],"wp:attachment":[{"href":"https:\/\/medv-design.org\/fr\/wp-json\/wp\/v2\/media?parent=642"}],"wp:term":[{"taxonomy":"product_brand","embeddable":true,"href":"https:\/\/medv-design.org\/fr\/wp-json\/wp\/v2\/product_brand?post=642"},{"taxonomy":"product_cat","embeddable":true,"href":"https:\/\/medv-design.org\/fr\/wp-json\/wp\/v2\/product_cat?post=642"},{"taxonomy":"product_tag","embeddable":true,"href":"https:\/\/medv-design.org\/fr\/wp-json\/wp\/v2\/product_tag?post=642"}],"curies":[{"name":"wp","href":"https:\/\/api.w.org\/{rel}","templated":true}]}}