{"id":640,"date":"2025-12-08T20:00:32","date_gmt":"2025-12-08T20:00:32","guid":{"rendered":"https:\/\/medv-design.org\/product\/progold-blokborstel-pvc-6200\/"},"modified":"2026-02-07T15:50:04","modified_gmt":"2026-02-07T15:50:04","slug":"progold-blokborstel-pvc-6200","status":"publish","type":"product","link":"https:\/\/medv-design.org\/fr\/produit\/progold-blokborstel-pvc-6200\/","title":{"rendered":"Brosse \u00e0 blocs Progold PVC 6200"},"content":{"rendered":"<h3>Principales caract\u00e9ristiques<\/h3>\n<ul>\n<li>Brosse \u00e0 bloc rectangulaire.<\/li>\n<li>Soie de porc blanche.<\/li>\n<li>Capuchon et poign\u00e9e en plastique<\/li>\n<li>Pour les peintures murales et les appr\u00eats liquides en couche mince<\/li>\n<li>3 x 10, 3 x 12 et 4 x 14<\/li>\n<\/ul>","protected":false},"excerpt":{"rendered":"<p>Caract\u00e9ristiques principales : Brosse \u00e0 blocs rectangulaire. Poils de sanglier blanc. Bouchon et poign\u00e9e en plastique Pour les peintures murales ainsi que les appr\u00eats liquides fins 3 x 10, 3 x 12 et 4 x 14<\/p>","protected":false},"featured_media":872,"comment_status":"open","ping_status":"closed","template":"","meta":[],"product_brand":[88],"product_cat":[98],"product_tag":[],"class_list":{"0":"post-640","1":"product","2":"type-product","3":"status-publish","4":"has-post-thumbnail","6":"product_brand-progold","7":"product_cat-schildersbenodigdheden-verfborstels","8":"pa_basis-waterbasis","9":"pa_formaat-3x10","10":"pa_formaat-3x12","11":"pa_formaat-3x14","12":"pa_gebruik-muren-plafonds","13":"pa_haarsoort-natuurlijke-haren","14":"pa_merk-progold","15":"pa_type-borstel-blokwitter","16":"pa_upc-622","18":"first","19":"instock","20":"shipping-taxable","21":"purchasable","22":"product-type-variable"},"_links":{"self":[{"href":"https:\/\/medv-design.org\/fr\/wp-json\/wp\/v2\/product\/640","targetHints":{"allow":["GET"]}}],"collection":[{"href":"https:\/\/medv-design.org\/fr\/wp-json\/wp\/v2\/product"}],"about":[{"href":"https:\/\/medv-design.org\/fr\/wp-json\/wp\/v2\/types\/product"}],"replies":[{"embeddable":true,"href":"https:\/\/medv-design.org\/fr\/wp-json\/wp\/v2\/comments?post=640"}],"wp:featuredmedia":[{"embeddable":true,"href":"https:\/\/medv-design.org\/fr\/wp-json\/wp\/v2\/media\/872"}],"wp:attachment":[{"href":"https:\/\/medv-design.org\/fr\/wp-json\/wp\/v2\/media?parent=640"}],"wp:term":[{"taxonomy":"product_brand","embeddable":true,"href":"https:\/\/medv-design.org\/fr\/wp-json\/wp\/v2\/product_brand?post=640"},{"taxonomy":"product_cat","embeddable":true,"href":"https:\/\/medv-design.org\/fr\/wp-json\/wp\/v2\/product_cat?post=640"},{"taxonomy":"product_tag","embeddable":true,"href":"https:\/\/medv-design.org\/fr\/wp-json\/wp\/v2\/product_tag?post=640"}],"curies":[{"name":"wp","href":"https:\/\/api.w.org\/{rel}","templated":true}]}}