{"id":639,"date":"2025-12-08T20:00:32","date_gmt":"2025-12-08T20:00:32","guid":{"rendered":"https:\/\/medv-design.org\/product\/progold-blokborstel-ovaal-7910\/"},"modified":"2026-02-07T15:50:07","modified_gmt":"2026-02-07T15:50:07","slug":"progold-blokborstel-ovaal-7910","status":"publish","type":"product","link":"https:\/\/medv-design.org\/fr\/produit\/progold-blokborstel-ovaal-7910\/","title":{"rendered":"Ovale ProGold Block Brush 7910"},"content":{"rendered":"<h1><span style=\"font-size: 20px;\">Description<\/span><\/h1>\n<div>\n<div>Ovale professionnel \u00e0 brosse \u00e0 blocs, fabriqu\u00e9 \u00e0 100 % de fibres synth\u00e9tiques. Avec un chapeau et un manche en bois.<\/div>\n<ul>\n<li>Brosse ovale \u00e0 blocs<\/li>\n<li>Fibres 100 % synth\u00e9tiques<\/li>\n<li>Pour les peintures murales et les appr\u00eats liquides en couche mince<\/li>\n<li>Tailles 10 et 20<\/li>\n<\/ul><\/div>","protected":false},"excerpt":{"rendered":"<p>Description Ovale \u00e0 brosse \u00e0 blocs professionnels, fabriqu\u00e9 \u00e0 100 % de fibres synth\u00e9tiques. Avec un chapeau et un manche en bois. Pinceau ovale 100 % fibres synth\u00e9tiques Pour peintures murales ainsi que pour les appr\u00eats liquides fins Tailles 10 et 20<\/p>","protected":false},"featured_media":980,"comment_status":"open","ping_status":"closed","template":"","meta":[],"product_brand":[88],"product_cat":[19,98],"product_tag":[],"class_list":{"0":"post-639","1":"product","2":"type-product","3":"status-publish","4":"has-post-thumbnail","6":"product_brand-progold","7":"product_cat-schildersbenodigdheden","8":"product_cat-schildersbenodigdheden-verfborstels","9":"pa_basis-waterbasis","10":"pa_formaat-442","11":"pa_formaat-471","12":"pa_gebruik-muren-plafonds","13":"pa_haarsoort-synthetisch","14":"pa_merk-progold","15":"pa_type-borstel-blokwitter","16":"pa_upc-592","18":"first","19":"instock","20":"shipping-taxable","21":"purchasable","22":"product-type-variable"},"_links":{"self":[{"href":"https:\/\/medv-design.org\/fr\/wp-json\/wp\/v2\/product\/639","targetHints":{"allow":["GET"]}}],"collection":[{"href":"https:\/\/medv-design.org\/fr\/wp-json\/wp\/v2\/product"}],"about":[{"href":"https:\/\/medv-design.org\/fr\/wp-json\/wp\/v2\/types\/product"}],"replies":[{"embeddable":true,"href":"https:\/\/medv-design.org\/fr\/wp-json\/wp\/v2\/comments?post=639"}],"wp:featuredmedia":[{"embeddable":true,"href":"https:\/\/medv-design.org\/fr\/wp-json\/wp\/v2\/media\/980"}],"wp:attachment":[{"href":"https:\/\/medv-design.org\/fr\/wp-json\/wp\/v2\/media?parent=639"}],"wp:term":[{"taxonomy":"product_brand","embeddable":true,"href":"https:\/\/medv-design.org\/fr\/wp-json\/wp\/v2\/product_brand?post=639"},{"taxonomy":"product_cat","embeddable":true,"href":"https:\/\/medv-design.org\/fr\/wp-json\/wp\/v2\/product_cat?post=639"},{"taxonomy":"product_tag","embeddable":true,"href":"https:\/\/medv-design.org\/fr\/wp-json\/wp\/v2\/product_tag?post=639"}],"curies":[{"name":"wp","href":"https:\/\/api.w.org\/{rel}","templated":true}]}}