{"id":638,"date":"2025-12-08T20:00:32","date_gmt":"2025-12-08T20:00:32","guid":{"rendered":"https:\/\/medv-design.org\/product\/progold-blokborstel-hout-6240\/"},"modified":"2026-02-07T15:50:10","modified_gmt":"2026-02-07T15:50:10","slug":"progold-blokborstel-hout-6240","status":"publish","type":"product","link":"https:\/\/medv-design.org\/fr\/produit\/progold-blokborstel-hout-6240\/","title":{"rendered":"Bois de brosse Progold Block 6240"},"content":{"rendered":"<h3>Principales caract\u00e9ristiques<\/h3>\n<ul>\n<li>Brosse \u00e0 bloc rectangulaire.<\/li>\n<li>Soie de porc blanche.<\/li>\n<li>Capuchon et poign\u00e9e en bois<\/li>\n<li>Pour les peintures murales et les appr\u00eats liquides en couche mince<\/li>\n<li>Taille 3 x 10, 3 x 12 et 4 x 14<\/li>\n<\/ul>","protected":false},"excerpt":{"rendered":"<p>Caract\u00e9ristiques principales : Brosse \u00e0 blocs rectangulaire. Poils de sanglier blanc. Abat-jour et poign\u00e9e en bois Pour peintures murales ainsi que pour des appr\u00eats liquides fins Taille 3 x 10, 3 x 12 et 4 x 14<\/p>","protected":false},"featured_media":865,"comment_status":"open","ping_status":"closed","template":"","meta":[],"product_brand":[88],"product_cat":[19,98],"product_tag":[],"class_list":{"0":"post-638","1":"product","2":"type-product","3":"status-publish","4":"has-post-thumbnail","6":"product_brand-progold","7":"product_cat-schildersbenodigdheden","8":"product_cat-schildersbenodigdheden-verfborstels","9":"pa_basis-waterbasis","10":"pa_formaat-3x10","11":"pa_formaat-3x12","12":"pa_formaat-4x14","13":"pa_gebruik-muren-plafonds","14":"pa_haarsoort-natuurlijke-haren","15":"pa_merk-progold","16":"pa_type-borstel-blokwitter","18":"first","19":"instock","20":"shipping-taxable","21":"purchasable","22":"product-type-variable"},"_links":{"self":[{"href":"https:\/\/medv-design.org\/fr\/wp-json\/wp\/v2\/product\/638","targetHints":{"allow":["GET"]}}],"collection":[{"href":"https:\/\/medv-design.org\/fr\/wp-json\/wp\/v2\/product"}],"about":[{"href":"https:\/\/medv-design.org\/fr\/wp-json\/wp\/v2\/types\/product"}],"replies":[{"embeddable":true,"href":"https:\/\/medv-design.org\/fr\/wp-json\/wp\/v2\/comments?post=638"}],"wp:featuredmedia":[{"embeddable":true,"href":"https:\/\/medv-design.org\/fr\/wp-json\/wp\/v2\/media\/865"}],"wp:attachment":[{"href":"https:\/\/medv-design.org\/fr\/wp-json\/wp\/v2\/media?parent=638"}],"wp:term":[{"taxonomy":"product_brand","embeddable":true,"href":"https:\/\/medv-design.org\/fr\/wp-json\/wp\/v2\/product_brand?post=638"},{"taxonomy":"product_cat","embeddable":true,"href":"https:\/\/medv-design.org\/fr\/wp-json\/wp\/v2\/product_cat?post=638"},{"taxonomy":"product_tag","embeddable":true,"href":"https:\/\/medv-design.org\/fr\/wp-json\/wp\/v2\/product_tag?post=638"}],"curies":[{"name":"wp","href":"https:\/\/api.w.org\/{rel}","templated":true}]}}