{"id":636,"date":"2025-12-08T20:00:32","date_gmt":"2025-12-08T20:00:32","guid":{"rendered":"https:\/\/medv-design.org\/product\/progold-behangspatel\/"},"modified":"2026-02-07T15:50:21","modified_gmt":"2026-02-07T15:50:21","slug":"progold-behangspatel","status":"publish","type":"product","link":"https:\/\/medv-design.org\/fr\/produit\/progold-behangspatel\/","title":{"rendered":"Spatule \u00e0 tapisser Progold"},"content":{"rendered":"<h3>Description<\/h3>\n<p>Spatule \u00e0 papier peint pour frotter et presser le papier peint et le papier peint en fibre de verre.<\/p>\n<h3>Principales caract\u00e9ristiques<\/h3>\n<ul>\n<li>Trap\u00e9zo\u00efdale<\/li>\n<li>PVC rigide de 2 mm d'\u00e9paisseur<\/li>\n<li>Coins arrondis<\/li>\n<\/ul>","protected":false},"excerpt":{"rendered":"<p>Description : Spatule pour papier peint pour frotter et repasser papier peint et papier peint en tissu de verre. Caract\u00e9ristiques principales : PVC rigide trap\u00e9zo\u00efdal de 2 mm d\u2019\u00e9paisseur Coins arrondis<\/p>","protected":false},"featured_media":863,"comment_status":"open","ping_status":"closed","template":"","meta":[],"product_brand":[],"product_cat":[19,109],"product_tag":[],"class_list":{"0":"post-636","1":"product","2":"type-product","3":"status-publish","4":"has-post-thumbnail","6":"product_cat-schildersbenodigdheden","7":"product_cat-schildersbenodigdheden-vliesbehang-en-benodigdheden","8":"pa_upc-625","10":"first","11":"instock","12":"shipping-taxable","13":"purchasable","14":"product-type-simple"},"_links":{"self":[{"href":"https:\/\/medv-design.org\/fr\/wp-json\/wp\/v2\/product\/636","targetHints":{"allow":["GET"]}}],"collection":[{"href":"https:\/\/medv-design.org\/fr\/wp-json\/wp\/v2\/product"}],"about":[{"href":"https:\/\/medv-design.org\/fr\/wp-json\/wp\/v2\/types\/product"}],"replies":[{"embeddable":true,"href":"https:\/\/medv-design.org\/fr\/wp-json\/wp\/v2\/comments?post=636"}],"wp:featuredmedia":[{"embeddable":true,"href":"https:\/\/medv-design.org\/fr\/wp-json\/wp\/v2\/media\/863"}],"wp:attachment":[{"href":"https:\/\/medv-design.org\/fr\/wp-json\/wp\/v2\/media?parent=636"}],"wp:term":[{"taxonomy":"product_brand","embeddable":true,"href":"https:\/\/medv-design.org\/fr\/wp-json\/wp\/v2\/product_brand?post=636"},{"taxonomy":"product_cat","embeddable":true,"href":"https:\/\/medv-design.org\/fr\/wp-json\/wp\/v2\/product_cat?post=636"},{"taxonomy":"product_tag","embeddable":true,"href":"https:\/\/medv-design.org\/fr\/wp-json\/wp\/v2\/product_tag?post=636"}],"curies":[{"name":"wp","href":"https:\/\/api.w.org\/{rel}","templated":true}]}}