{"id":632,"date":"2025-12-08T20:00:31","date_gmt":"2025-12-08T20:00:31","guid":{"rendered":"https:\/\/medv-design.org\/product\/progold-afdekvlies\/"},"modified":"2026-02-07T15:50:31","modified_gmt":"2026-02-07T15:50:31","slug":"progold-afdekvlies","status":"publish","type":"product","link":"https:\/\/medv-design.org\/fr\/produit\/progold-afdekvlies\/","title":{"rendered":"Toison de couverture ProGold"},"content":{"rendered":"<h1><span style=\"font-size: 20px;\">Description<\/span><\/h1>\n<div>     Toison de couverture de qualit\u00e9 \u00e9paisse avec capacit\u00e9 absorbante avec feuille antid\u00e9rapante, pour recouvrir les sols et les escaliers.     <\/div>\n<div>\n<ul>\n<li>Polaire de couverture de qualit\u00e9 \u00e9paisse<\/li>\n<li>Capacit\u00e9 absorbante<\/li>\n<li>Avec du papier antid\u00e9rapant<\/li>\n<li>Pour couvrir les sols et les escaliers lors de travaux de peinture \t<\/li>\n<li>Roulis de 25 ou 50 m\u00b2 \t<\/li>\n<\/ul><\/div>","protected":false},"excerpt":{"rendered":"<p>Description : Couverture de polaire de qualit\u00e9 \u00e9paisse avec capacit\u00e9 absorbante avec feuille antid\u00e9rapante, pour recouvrir les sols et les escaliers. Toison de couverture de qualit\u00e9 lourde Capacit\u00e9 absorbante Avec feuille antid\u00e9rapante Pour recouvrir les sols et les escaliers lors de la peinture Rouleau de 25 ou 50 m\u00b2<\/p>","protected":false},"featured_media":949,"comment_status":"open","ping_status":"closed","template":"","meta":[],"product_brand":[88],"product_cat":[108,19],"product_tag":[],"class_list":{"0":"post-632","1":"product","2":"type-product","3":"status-publish","4":"has-post-thumbnail","6":"product_brand-progold","7":"product_cat-schildersbenodigdheden-afdekmateriaal","8":"product_cat-schildersbenodigdheden","9":"pa_maat-25-m","10":"pa_maat-50-m","11":"pa_merk-progold","12":"pa_upc-592","14":"first","15":"instock","16":"shipping-taxable","17":"purchasable","18":"product-type-variable"},"_links":{"self":[{"href":"https:\/\/medv-design.org\/fr\/wp-json\/wp\/v2\/product\/632","targetHints":{"allow":["GET"]}}],"collection":[{"href":"https:\/\/medv-design.org\/fr\/wp-json\/wp\/v2\/product"}],"about":[{"href":"https:\/\/medv-design.org\/fr\/wp-json\/wp\/v2\/types\/product"}],"replies":[{"embeddable":true,"href":"https:\/\/medv-design.org\/fr\/wp-json\/wp\/v2\/comments?post=632"}],"wp:featuredmedia":[{"embeddable":true,"href":"https:\/\/medv-design.org\/fr\/wp-json\/wp\/v2\/media\/949"}],"wp:attachment":[{"href":"https:\/\/medv-design.org\/fr\/wp-json\/wp\/v2\/media?parent=632"}],"wp:term":[{"taxonomy":"product_brand","embeddable":true,"href":"https:\/\/medv-design.org\/fr\/wp-json\/wp\/v2\/product_brand?post=632"},{"taxonomy":"product_cat","embeddable":true,"href":"https:\/\/medv-design.org\/fr\/wp-json\/wp\/v2\/product_cat?post=632"},{"taxonomy":"product_tag","embeddable":true,"href":"https:\/\/medv-design.org\/fr\/wp-json\/wp\/v2\/product_tag?post=632"}],"curies":[{"name":"wp","href":"https:\/\/api.w.org\/{rel}","templated":true}]}}