{"id":631,"date":"2025-12-08T20:00:31","date_gmt":"2025-12-08T20:00:31","guid":{"rendered":"https:\/\/medv-design.org\/product\/progold-afdekkarton\/"},"modified":"2026-02-07T15:50:34","modified_gmt":"2026-02-07T15:50:34","slug":"progold-afdekkarton","status":"publish","type":"product","link":"https:\/\/medv-design.org\/fr\/produit\/progold-afdekkarton\/","title":{"rendered":"Panneau de recouvrement Progold"},"content":{"rendered":"<p><strong>Description<\/strong><br \/>Carton de couverture de qualit\u00e9 \u00e9paisse avec une feuille de LDPE double face.<\/p>\n<p><strong>But de l'utilisation<\/strong><br \/>Pour rev\u00eatir les sols lors du pl\u00e2trage et des travaux de peinture.<\/p>\n<p><strong>Principales caract\u00e9ristiques<\/strong><\/p>\n<ul>\n<li>Non perm\u00e9able \u00e0 l\u2019humidit\u00e9 et durable en usage<\/li>\n<li>Pour recouvrir les sols pendant les travaux de pl\u00e2trage et de peinture<\/li>\n<li>La couche de LDPE \u00e0 deux faces a une fonction protectrice contre l\u2019humidit\u00e9 ou les liquides, garantissant ainsi la r\u00e9sistance du mat\u00e9riau<\/li>\n<\/ul>","protected":false},"excerpt":{"rendered":"<p>OmschrijvingZware kwaliteit afdekkarton voorzien van een dubbelzijdige LDPE folie. GebruiksdoelVoor het afdekken van vloeren bij stuc- en schilderwerkzaamheden. Voornaamste kenmerken Niet vocht doorlatend en duurzaam in gebruik Voor het afdekken van vloeren bij stuc- en schilderwerkzaamheden De tweezijdige LDPE laag heeft een beschermende functie tegen vocht of vloeistoffen, waardoor de sterkte van het materiaal altijd [&hellip;]<\/p>\n","protected":false},"featured_media":862,"comment_status":"open","ping_status":"closed","template":"","meta":[],"product_brand":[88],"product_cat":[108,19],"product_tag":[],"class_list":{"0":"post-631","1":"product","2":"type-product","3":"status-publish","4":"has-post-thumbnail","6":"product_brand-progold","7":"product_cat-schildersbenodigdheden-afdekmateriaal","8":"product_cat-schildersbenodigdheden","9":"pa_formaat-30-m","10":"pa_formaat-50-m","11":"pa_merk-progold","12":"pa_upc-714","14":"first","15":"instock","16":"shipping-taxable","17":"purchasable","18":"product-type-variable"},"_links":{"self":[{"href":"https:\/\/medv-design.org\/fr\/wp-json\/wp\/v2\/product\/631","targetHints":{"allow":["GET"]}}],"collection":[{"href":"https:\/\/medv-design.org\/fr\/wp-json\/wp\/v2\/product"}],"about":[{"href":"https:\/\/medv-design.org\/fr\/wp-json\/wp\/v2\/types\/product"}],"replies":[{"embeddable":true,"href":"https:\/\/medv-design.org\/fr\/wp-json\/wp\/v2\/comments?post=631"}],"wp:featuredmedia":[{"embeddable":true,"href":"https:\/\/medv-design.org\/fr\/wp-json\/wp\/v2\/media\/862"}],"wp:attachment":[{"href":"https:\/\/medv-design.org\/fr\/wp-json\/wp\/v2\/media?parent=631"}],"wp:term":[{"taxonomy":"product_brand","embeddable":true,"href":"https:\/\/medv-design.org\/fr\/wp-json\/wp\/v2\/product_brand?post=631"},{"taxonomy":"product_cat","embeddable":true,"href":"https:\/\/medv-design.org\/fr\/wp-json\/wp\/v2\/product_cat?post=631"},{"taxonomy":"product_tag","embeddable":true,"href":"https:\/\/medv-design.org\/fr\/wp-json\/wp\/v2\/product_tag?post=631"}],"curies":[{"name":"wp","href":"https:\/\/api.w.org\/{rel}","templated":true}]}}