{"id":629,"date":"2025-12-08T20:00:31","date_gmt":"2025-12-08T20:00:31","guid":{"rendered":"https:\/\/medv-design.org\/product\/progold-afbreekmes-kunststof\/"},"modified":"2026-02-07T15:50:39","modified_gmt":"2026-02-07T15:50:39","slug":"progold-afbreekmes-kunststof","status":"publish","type":"product","link":"https:\/\/medv-design.org\/fr\/produit\/progold-afbreekmes-kunststof\/","title":{"rendered":"Couteau \u00e0 d\u00e9caper Progold en plastique"},"content":{"rendered":"<h3>Description<\/h3>\n<div>Lame s\u00e9cable pour tous les travaux de coupe courants <\/div>\n<div>\n<ul>\n<li>Bo\u00eetier en plastique<\/li>\n<li>Guide-lame en m\u00e9tal<\/li>\n<\/ul><\/div>","protected":false},"excerpt":{"rendered":"<p>Description : Couteau \u00e0 d\u00e9coupe pour toutes les t\u00e2ches courantes de coupe Bo\u00eetier en plastique Guide de la lame m\u00e9tallique<\/p>","protected":false},"featured_media":923,"comment_status":"open","ping_status":"closed","template":"","meta":[],"product_brand":[88],"product_cat":[107,19],"product_tag":[],"class_list":{"0":"post-629","1":"product","2":"type-product","3":"status-publish","4":"has-post-thumbnail","6":"product_brand-progold","7":"product_cat-schildersbenodigdheden-overige-producten","8":"product_cat-schildersbenodigdheden","9":"pa_merk-progold","10":"pa_upc-635","12":"first","13":"instock","14":"shipping-taxable","15":"purchasable","16":"product-type-simple"},"_links":{"self":[{"href":"https:\/\/medv-design.org\/fr\/wp-json\/wp\/v2\/product\/629","targetHints":{"allow":["GET"]}}],"collection":[{"href":"https:\/\/medv-design.org\/fr\/wp-json\/wp\/v2\/product"}],"about":[{"href":"https:\/\/medv-design.org\/fr\/wp-json\/wp\/v2\/types\/product"}],"replies":[{"embeddable":true,"href":"https:\/\/medv-design.org\/fr\/wp-json\/wp\/v2\/comments?post=629"}],"wp:featuredmedia":[{"embeddable":true,"href":"https:\/\/medv-design.org\/fr\/wp-json\/wp\/v2\/media\/923"}],"wp:attachment":[{"href":"https:\/\/medv-design.org\/fr\/wp-json\/wp\/v2\/media?parent=629"}],"wp:term":[{"taxonomy":"product_brand","embeddable":true,"href":"https:\/\/medv-design.org\/fr\/wp-json\/wp\/v2\/product_brand?post=629"},{"taxonomy":"product_cat","embeddable":true,"href":"https:\/\/medv-design.org\/fr\/wp-json\/wp\/v2\/product_cat?post=629"},{"taxonomy":"product_tag","embeddable":true,"href":"https:\/\/medv-design.org\/fr\/wp-json\/wp\/v2\/product_tag?post=629"}],"curies":[{"name":"wp","href":"https:\/\/api.w.org\/{rel}","templated":true}]}}