{"id":628,"date":"2025-12-08T20:00:28","date_gmt":"2025-12-08T20:00:28","guid":{"rendered":"https:\/\/medv-design.org\/product\/progold-afbijtmiddel-snel\/"},"modified":"2026-02-07T15:50:42","modified_gmt":"2026-02-07T15:50:42","slug":"progold-afbijtmiddel-snel","status":"publish","type":"product","link":"https:\/\/medv-design.org\/fr\/produit\/progold-afbijtmiddel-snel\/","title":{"rendered":"ProGold Stripper Fast"},"content":{"rendered":"<h1><span style=\"font-size: 20px;\">Description<\/span><\/h1>\n<div>     Enl\u00e8vement des couches de peinture \u00e0 base de r\u00e9sine alkyde, de liants \u00e0 base d\u2019eau, d\u2019\u00e9poxy, de polyur\u00e9thane et de graffitis.     <\/div>\n<div>\n<ul>\n<li>Tr\u00e8s rapide.<\/li>\n<li>Rarement des dommages au sous-sol.<\/li>\n<li>Elle ne contient pas de chlorure de m\u00e9thyl\u00e8ne.<\/li>\n<li>Applicable en ext\u00e9rieur.<\/li>\n<\/ul><\/div>","protected":false},"excerpt":{"rendered":"<p>Description : \u00c9limination des couches de peinture \u00e0 base de r\u00e9sine alkyde, de liants \u00e0 base d\u2019eau, d\u2019\u00e9poxy et de polyur\u00e9thane ainsi que de graffitis. Tr\u00e8s rapide. Rarement des dommages au sous-sol. Elle ne contient pas de chlorure de m\u00e9thyl\u00e8ne. Applicable en ext\u00e9rieur.<\/p>","protected":false},"featured_media":856,"comment_status":"open","ping_status":"closed","template":"","meta":[],"product_brand":[88],"product_cat":[106,19],"product_tag":[],"class_list":{"0":"post-628","1":"product","2":"type-product","3":"status-publish","4":"has-post-thumbnail","6":"product_brand-progold","7":"product_cat-schildersbenodigdheden-afbijtmiddel","8":"product_cat-schildersbenodigdheden","9":"pa_inhoud-1l","10":"pa_inhoud-5l","11":"pa_merk-progold","12":"pa_upc-592","14":"first","15":"instock","16":"shipping-taxable","17":"purchasable","18":"product-type-variable"},"_links":{"self":[{"href":"https:\/\/medv-design.org\/fr\/wp-json\/wp\/v2\/product\/628","targetHints":{"allow":["GET"]}}],"collection":[{"href":"https:\/\/medv-design.org\/fr\/wp-json\/wp\/v2\/product"}],"about":[{"href":"https:\/\/medv-design.org\/fr\/wp-json\/wp\/v2\/types\/product"}],"replies":[{"embeddable":true,"href":"https:\/\/medv-design.org\/fr\/wp-json\/wp\/v2\/comments?post=628"}],"wp:featuredmedia":[{"embeddable":true,"href":"https:\/\/medv-design.org\/fr\/wp-json\/wp\/v2\/media\/856"}],"wp:attachment":[{"href":"https:\/\/medv-design.org\/fr\/wp-json\/wp\/v2\/media?parent=628"}],"wp:term":[{"taxonomy":"product_brand","embeddable":true,"href":"https:\/\/medv-design.org\/fr\/wp-json\/wp\/v2\/product_brand?post=628"},{"taxonomy":"product_cat","embeddable":true,"href":"https:\/\/medv-design.org\/fr\/wp-json\/wp\/v2\/product_cat?post=628"},{"taxonomy":"product_tag","embeddable":true,"href":"https:\/\/medv-design.org\/fr\/wp-json\/wp\/v2\/product_tag?post=628"}],"curies":[{"name":"wp","href":"https:\/\/api.w.org\/{rel}","templated":true}]}}