{"id":627,"date":"2025-12-08T20:00:27","date_gmt":"2025-12-08T20:00:27","guid":{"rendered":"https:\/\/medv-design.org\/product\/progold-acryl-non-crack-wit\/"},"modified":"2026-02-07T15:50:45","modified_gmt":"2026-02-07T15:50:45","slug":"progold-acryl-non-crack-wit","status":"publish","type":"product","link":"https:\/\/medv-design.org\/fr\/produit\/progold-acryl-non-crack-wit\/","title":{"rendered":"Progold Acrylic Non-Crack White (Acrylique sans fissure)"},"content":{"rendered":"<p><strong><span style=\"font-size: 20px;\">Description<br \/><\/span><\/strong><br \/>Un mastic de haute qualit\u00e9, plasto-\u00e9lastique, \u00e0 un seul composant, \u00e0 base de r\u00e9sines de dispersion acrylique, qui peut \u00eatre recouvert de presque toutes les peintures \u00e0 base d\u2019eau et synth\u00e9tiques, et qui emp\u00eache les fissures et la d\u00e9coloration de la peinture.<\/p>\n<p><strong><span style=\"font-size: 20px;\">But de l'utilisation<\/span><\/strong><\/p>\n<ul>\n<li>Jonctions de raccordement dans la construction entre des cadres en bois et en m\u00e9tal, ainsi que le b\u00e9ton et la ma\u00e7onnerie.<\/li>\n<li>Des joints entre escaliers et murs, entre b\u00e9ton et \u00e9l\u00e9ments de plafond, aux connexions plafond\/mur, aux plinthes, aux appuis de fen\u00eatres et au b\u00e9ton a\u00e9r\u00e9.<\/li>\n<li>Pas adapt\u00e9 aux charges d\u2019eau \u00e0 long terme.<\/li>\n<\/ul>\n<p><span style=\"font-size: 20px;\"><strong>Principales caract\u00e9ristiques<\/strong><\/span><\/p>\n<ul>\n<li>Excellente peinte avec des peintures \u00e0 base d\u2019eau et synth\u00e9tiques, m\u00eame avec des peintures \u00e0 dispersion haute densit\u00e9.<\/li>\n<li>Cela r\u00e9duit le risque de fissures et de d\u00e9coloration de la peinture.<\/li>\n<li>Adh\u00e8re parfaitement sans primaire sur la plupart des supports, m\u00eame l\u00e9g\u00e8rement humides.<\/li>\n<li>Grande durabilit\u00e9.<\/li>\n<li>Applicable en int\u00e9rieur comme en ext\u00e9rieur*.<\/li>\n<li>Le traitement se fait en douceur.<\/li>\n<li>Pratiquement inodore.<\/li>\n<li>Non corrosif pour les m\u00e9taux.<\/li>\n<\/ul>\n<ul>\n<li>L\u2019application en ext\u00e9rieur n\u2019est possible que par bon temps de s\u00e9chage et s\u2019il ne pleut pas dans les 5 heures suivant l\u2019application.<\/li>\n<\/ul>","protected":false},"excerpt":{"rendered":"<p>OmschrijvingHoogwaardige, plasto-elastische, \u00e9\u00e9ncomponent voegkit op basis van acrylaatdispersieharsen die vrijwel overschilderbaar is met alle watergedragen en synthetische verven en die craquel\u00e9 en verkleuring van verf voorkomt. Gebruiksdoel Aansluitvoegen in de bouw tussen houten en metalen kozijnen en beton en metselwerk. Voegen tussen trappen en wanden, tussen beton en plafondelementen, bij plafond\/wandaansluitingen, bij plinten, vensterbanken en [&hellip;]<\/p>\n","protected":false},"featured_media":930,"comment_status":"open","ping_status":"closed","template":"","meta":[],"product_brand":[88],"product_cat":[105,94,19],"product_tag":[],"class_list":{"0":"post-627","1":"product","2":"type-product","3":"status-publish","4":"has-post-thumbnail","6":"product_brand-progold","7":"product_cat-schildersbenodigdheden-kitten-lijmen","8":"product_cat-schildersbenodigdheden-plamuur-vulmiddelen","9":"product_cat-schildersbenodigdheden","10":"pa_binnen-buiten-binnen","11":"pa_inhoud-310-ml","12":"pa_kleur-wit","13":"pa_merk-progold","14":"pa_overschilderbaar-ja","15":"pa_toepassing-afdichten","16":"pa_toepassing-vullen-repareren","17":"pa_toepassing-vullen-en-repareren","18":"pa_type-product-kit","19":"pa_upc-631","21":"first","22":"instock","23":"shipping-taxable","24":"product-type-variable"},"_links":{"self":[{"href":"https:\/\/medv-design.org\/fr\/wp-json\/wp\/v2\/product\/627","targetHints":{"allow":["GET"]}}],"collection":[{"href":"https:\/\/medv-design.org\/fr\/wp-json\/wp\/v2\/product"}],"about":[{"href":"https:\/\/medv-design.org\/fr\/wp-json\/wp\/v2\/types\/product"}],"replies":[{"embeddable":true,"href":"https:\/\/medv-design.org\/fr\/wp-json\/wp\/v2\/comments?post=627"}],"wp:featuredmedia":[{"embeddable":true,"href":"https:\/\/medv-design.org\/fr\/wp-json\/wp\/v2\/media\/930"}],"wp:attachment":[{"href":"https:\/\/medv-design.org\/fr\/wp-json\/wp\/v2\/media?parent=627"}],"wp:term":[{"taxonomy":"product_brand","embeddable":true,"href":"https:\/\/medv-design.org\/fr\/wp-json\/wp\/v2\/product_brand?post=627"},{"taxonomy":"product_cat","embeddable":true,"href":"https:\/\/medv-design.org\/fr\/wp-json\/wp\/v2\/product_cat?post=627"},{"taxonomy":"product_tag","embeddable":true,"href":"https:\/\/medv-design.org\/fr\/wp-json\/wp\/v2\/product_tag?post=627"}],"curies":[{"name":"wp","href":"https:\/\/api.w.org\/{rel}","templated":true}]}}