{"id":626,"date":"2025-12-08T20:00:27","date_gmt":"2025-12-08T20:00:27","guid":{"rendered":"https:\/\/medv-design.org\/product\/progold-acryl-exterior\/"},"modified":"2026-02-07T15:50:47","modified_gmt":"2026-02-07T15:50:47","slug":"progold-acryl-exterior","status":"publish","type":"product","link":"https:\/\/medv-design.org\/fr\/produit\/progold-acryl-exterior\/","title":{"rendered":"Progold Acrylic Exterior"},"content":{"rendered":"<p><strong><span style=\"font-size: 20px;\"><\/span><span style=\"font-size: 20px;\">Description<\/span><br \/><\/strong><br \/>Mastic de jointoiement plasto-\u00e9lastique, monocomposant, pour l'ext\u00e9rieur et l'int\u00e9rieur, \u00e0 base de r\u00e9sines acryliques en dispersion de haute qualit\u00e9.<\/p>\n<p><strong><span style=\"font-size: 20px;\">But de l'utilisation<\/span><\/strong><\/p>\n<ul>\n<li>\u00c9tanch\u00e9it\u00e9 des joints expos\u00e9s \u00e0 une faible action, notamment autour des encadrements de portes et de fen\u00eatres, entre les murs et les plinthes, etc.<\/li>\n<li>Colmatage des fissures et des trous dans le bois et les murs.<\/li>\n<li>Au niveau des plinthes et des raccords au plafond.<\/li>\n<li>Utilisation \u00e0 l'int\u00e9rieur et \u00e0 l'ext\u00e9rieur.<\/li>\n<\/ul>\n<p><strong><span style=\"font-size: 20px;\">Principales caract\u00e9ristiques<\/span><\/strong><\/p>\n<ul>\n<li>Grande durabilit\u00e9.<\/li>\n<li>Le traitement se fait en douceur.<\/li>\n<li>Excellente aptitude \u00e0 \u00eatre peint avec des peintures \u00e0 base d'eau et des peintures synth\u00e9tiques.<\/li>\n<li>Adh\u00e8re parfaitement sans primaire sur la plupart des supports, m\u00eame l\u00e9g\u00e8rement humides.<\/li>\n<li>Tr\u00e8s d\u00e9formable.<\/li>\n<li>Application int\u00e9rieure et ext\u00e9rieure.<\/li>\n<li>Rapidement imperm\u00e9able apr\u00e8s l'application.<\/li>\n<li>Non corrosif pour les m\u00e9taux.<\/li>\n<\/ul>","protected":false},"excerpt":{"rendered":"<p>OmschrijvingPlasto-elastische, \u00e9\u00e9ncomponent voegkit voor buiten en binnen op basis van hoogwaardige acrylaatdispersieharsen. Gebruiksdoel Het afdichten van voegen die aan geringe werking zijn blootgesteld, met name rond deur- en raamkozijnen, tussen muren en plinten enz. Het afdichten van scheuren en gaten in hout en muren. Bij plint- en plafondaansluitingen. Gebruik binnen en buiten. Voornaamste kenmerken Hoge [&hellip;]<\/p>\n","protected":false},"featured_media":870,"comment_status":"open","ping_status":"closed","template":"","meta":[],"product_brand":[88],"product_cat":[105,94,19],"product_tag":[],"class_list":{"0":"post-626","1":"product","2":"type-product","3":"status-publish","4":"has-post-thumbnail","6":"product_brand-progold","7":"product_cat-schildersbenodigdheden-kitten-lijmen","8":"product_cat-schildersbenodigdheden-plamuur-vulmiddelen","9":"product_cat-schildersbenodigdheden","10":"pa_binnen-buiten-binnen","11":"pa_kleur-bruin","12":"pa_kleur-grijs","13":"pa_kleur-wit","14":"pa_merk-progold","15":"pa_overschilderbaar-ja","16":"pa_toepassing-afdichten","17":"pa_toepassing-vullen-repareren","18":"pa_type-product-kit","19":"pa_upc-630","21":"first","22":"instock","23":"shipping-taxable","24":"product-type-variable"},"_links":{"self":[{"href":"https:\/\/medv-design.org\/fr\/wp-json\/wp\/v2\/product\/626","targetHints":{"allow":["GET"]}}],"collection":[{"href":"https:\/\/medv-design.org\/fr\/wp-json\/wp\/v2\/product"}],"about":[{"href":"https:\/\/medv-design.org\/fr\/wp-json\/wp\/v2\/types\/product"}],"replies":[{"embeddable":true,"href":"https:\/\/medv-design.org\/fr\/wp-json\/wp\/v2\/comments?post=626"}],"wp:featuredmedia":[{"embeddable":true,"href":"https:\/\/medv-design.org\/fr\/wp-json\/wp\/v2\/media\/870"}],"wp:attachment":[{"href":"https:\/\/medv-design.org\/fr\/wp-json\/wp\/v2\/media?parent=626"}],"wp:term":[{"taxonomy":"product_brand","embeddable":true,"href":"https:\/\/medv-design.org\/fr\/wp-json\/wp\/v2\/product_brand?post=626"},{"taxonomy":"product_cat","embeddable":true,"href":"https:\/\/medv-design.org\/fr\/wp-json\/wp\/v2\/product_cat?post=626"},{"taxonomy":"product_tag","embeddable":true,"href":"https:\/\/medv-design.org\/fr\/wp-json\/wp\/v2\/product_tag?post=626"}],"curies":[{"name":"wp","href":"https:\/\/api.w.org\/{rel}","templated":true}]}}