{"id":625,"date":"2025-12-08T20:00:27","date_gmt":"2025-12-08T20:00:27","guid":{"rendered":"https:\/\/medv-design.org\/product\/progold-acrylaatkit\/"},"modified":"2026-02-07T15:50:50","modified_gmt":"2026-02-07T15:50:50","slug":"progold-acrylaatkit","status":"publish","type":"product","link":"https:\/\/medv-design.org\/fr\/produit\/progold-acrylaatkit\/","title":{"rendered":"Progold Acrylic sealant"},"content":{"rendered":"<p><strong><span style=\"font-size: 24px;\">Description<\/span><\/strong><\/p>\n<p>Plasto-\u00e9lastique, un seul composant pour joints pour un usage int\u00e9rieur, bas\u00e9 sur des r\u00e9sines de dispersion acrylique de haute qualit\u00e9.<\/p>\n<p><span style=\"font-size: 24px;\"><strong>But de l'utilisation<\/strong><\/span><\/p>\n<ul>\n<li>\u00c9tanch\u00e9it\u00e9 des joints expos\u00e9s \u00e0 une faible action, notamment autour des encadrements de portes et de fen\u00eatres, entre les murs et les plinthes, etc.<\/li>\n<li>Colmatage des fissures et des trous dans le bois et les murs.<\/li>\n<li>Au niveau des plinthes et des raccords au plafond.<\/li>\n<\/ul>\n<p><strong><span style=\"font-size: 24px;\">Principales caract\u00e9ristiques<\/span><\/strong><\/p>\n<ul>\n<li>Le traitement se fait en douceur.<\/li>\n<li>Excellente aptitude \u00e0 \u00eatre peint avec des peintures \u00e0 base d'eau et des peintures synth\u00e9tiques.<\/li>\n<li>Adh\u00e8re parfaitement sans primaire sur la plupart des supports, m\u00eame l\u00e9g\u00e8rement humides.<\/li>\n<li>Eh bien, d\u00e9formable.<\/li>\n<li>Applicable en int\u00e9rieur comme en ext\u00e9rieur*.<\/li>\n<li>Non corrosif pour les m\u00e9taux.<\/li>\n<\/ul>\n<ul>\n<li>L\u2019application en ext\u00e9rieur n\u2019est possible que par bon temps de s\u00e9chage et s\u2019il ne pleut pas dans les 5 heures suivant l\u2019application.<\/li>\n<\/ul>","protected":false},"excerpt":{"rendered":"<p>Omschrijving Plasto-elastische, \u00e9\u00e9ncomponent voegkit voor binnen op basis van hoogwaardige acrylaatdispersieharsen. Gebruiksdoel Het afdichten van voegen die aan geringe werking zijn blootgesteld, met name rond deur- en raamkozijnen, tussen muren en plinten enz. Het afdichten van scheuren en gaten in hout en muren. Bij plint- en plafondaansluitingen. Voornaamste kenmerken Zeer soepele verwerking. Uitstekende overschilderbaarheid met [&hellip;]<\/p>\n","protected":false},"featured_media":928,"comment_status":"open","ping_status":"closed","template":"","meta":[],"product_brand":[88],"product_cat":[105,94,19],"product_tag":[],"class_list":{"0":"post-625","1":"product","2":"type-product","3":"status-publish","4":"has-post-thumbnail","6":"product_brand-progold","7":"product_cat-schildersbenodigdheden-kitten-lijmen","8":"product_cat-schildersbenodigdheden-plamuur-vulmiddelen","9":"product_cat-schildersbenodigdheden","10":"pa_binnen-buiten-binnen","11":"pa_inhoud-310-ml","12":"pa_kleur-wit","13":"pa_merk-progold","14":"pa_overschilderbaar-ja","15":"pa_toepassing-afdichten","16":"pa_toepassing-vullen-repareren","17":"pa_toepassing-vullen-en-repareren","18":"pa_type-product-kit","20":"first","21":"instock","22":"shipping-taxable","23":"product-type-variable"},"_links":{"self":[{"href":"https:\/\/medv-design.org\/fr\/wp-json\/wp\/v2\/product\/625","targetHints":{"allow":["GET"]}}],"collection":[{"href":"https:\/\/medv-design.org\/fr\/wp-json\/wp\/v2\/product"}],"about":[{"href":"https:\/\/medv-design.org\/fr\/wp-json\/wp\/v2\/types\/product"}],"replies":[{"embeddable":true,"href":"https:\/\/medv-design.org\/fr\/wp-json\/wp\/v2\/comments?post=625"}],"wp:featuredmedia":[{"embeddable":true,"href":"https:\/\/medv-design.org\/fr\/wp-json\/wp\/v2\/media\/928"}],"wp:attachment":[{"href":"https:\/\/medv-design.org\/fr\/wp-json\/wp\/v2\/media?parent=625"}],"wp:term":[{"taxonomy":"product_brand","embeddable":true,"href":"https:\/\/medv-design.org\/fr\/wp-json\/wp\/v2\/product_brand?post=625"},{"taxonomy":"product_cat","embeddable":true,"href":"https:\/\/medv-design.org\/fr\/wp-json\/wp\/v2\/product_cat?post=625"},{"taxonomy":"product_tag","embeddable":true,"href":"https:\/\/medv-design.org\/fr\/wp-json\/wp\/v2\/product_tag?post=625"}],"curies":[{"name":"wp","href":"https:\/\/api.w.org\/{rel}","templated":true}]}}