{"id":624,"date":"2025-12-08T20:00:27","date_gmt":"2025-12-08T20:00:27","guid":{"rendered":"https:\/\/medv-design.org\/product\/progold-acryfill-w-wit\/"},"modified":"2026-02-07T15:50:53","modified_gmt":"2026-02-07T15:50:53","slug":"progold-acryfill-w-wit","status":"publish","type":"product","link":"https:\/\/medv-design.org\/fr\/produit\/progold-acryfill-w-wit\/","title":{"rendered":"Progold Acryfill W Blanc"},"content":{"rendered":"<p><span style=\"font-size: 24px;\"><strong><span style=\"font-size: 20px;\"><\/span>Description<br \/><\/strong><\/span><br \/>Plasto-\u00e9lastique, un seul composant pour joints pour un usage int\u00e9rieur, bas\u00e9 sur des r\u00e9sines de dispersion acrylique de haute qualit\u00e9.<\/p>\n<p><strong><span style=\"font-size: 24px;\">But de l'utilisation<\/span><\/strong><\/p>\n<ul>\n<li>Des joints d\u2019\u00e9tanch\u00e9it\u00e9 expos\u00e9s \u00e0 une action mineure, notamment autour des cadres de portes et de fen\u00eatres, entre murs et plinthes, etc.<\/li>\n<li>Colmatage des fissures et des trous dans le bois et les murs.<\/li>\n<li>Au niveau des plinthes et des raccords au plafond.<\/li>\n<\/ul>\n<p><strong><span style=\"font-size: 24px;\">Principales caract\u00e9ristiques<\/span><\/strong><\/p>\n<ul>\n<li>Haute durabilit\u00e9<\/li>\n<li>Traitement tr\u00e8s fluide<\/li>\n<li>Excellente peinture avec des peintures \u00e0 base d\u2019eau et synth\u00e9tiques<\/li>\n<li>Adh\u00e9rent parfaitement sans appr\u00eat sur la plupart, m\u00eame l\u00e9g\u00e8rement humide<\/li>\n<li>Tr\u00e8s mall\u00e9able<\/li>\n<li>Peut \u00eatre utilis\u00e9 \u00e0 l\u2019int\u00e9rieur comme \u00e0 l\u2019ext\u00e9rieur*<\/li>\n<li>Qualit\u00e9 sup\u00e9rieure compar\u00e9e \u00e0 d\u2019autres scellants de dispersion<\/li>\n<li>Non corrosif pour les m\u00e9taux<\/li>\n<\/ul>\n<ul>\n<li>L\u2019application en ext\u00e9rieur n\u2019est possible que par bon temps de s\u00e9chage et s\u2019il ne pleut pas dans les 5 heures suivant l\u2019application.<\/li>\n<\/ul>","protected":false},"excerpt":{"rendered":"<p>OmschrijvingPlasto-elastische, \u00e9\u00e9ncomponent voegkit voor binnen op basis van hoogwaardige acrylaatdispersieharsen. Gebruiksdoel Het afdichten van voegen die aan geringe werking zijn blootgesteld, met name rond deur- en raamkozijnen, tussen muren en plinten, enz. Het afdichten van scheuren en gaten in hout en muren. Bij plint- en plafondaansluitingen. Voornaamste kenmerken Hoge duurzaamheid Zeer soepele verwerking Uitstekende overschilderbaarheid [&hellip;]<\/p>\n","protected":false},"featured_media":869,"comment_status":"open","ping_status":"closed","template":"","meta":[],"product_brand":[88],"product_cat":[105,94,19],"product_tag":[],"class_list":{"0":"post-624","1":"product","2":"type-product","3":"status-publish","4":"has-post-thumbnail","6":"product_brand-progold","7":"product_cat-schildersbenodigdheden-kitten-lijmen","8":"product_cat-schildersbenodigdheden-plamuur-vulmiddelen","9":"product_cat-schildersbenodigdheden","10":"pa_binnen-buiten-binnen","11":"pa_merk-progold","12":"pa_overschilderbaar-ja","13":"pa_toepassing-afdichten","14":"pa_toepassing-vullen-repareren","15":"pa_type-product-kit","16":"pa_upc-613","18":"first","19":"instock","20":"shipping-taxable","21":"purchasable","22":"product-type-simple"},"_links":{"self":[{"href":"https:\/\/medv-design.org\/fr\/wp-json\/wp\/v2\/product\/624","targetHints":{"allow":["GET"]}}],"collection":[{"href":"https:\/\/medv-design.org\/fr\/wp-json\/wp\/v2\/product"}],"about":[{"href":"https:\/\/medv-design.org\/fr\/wp-json\/wp\/v2\/types\/product"}],"replies":[{"embeddable":true,"href":"https:\/\/medv-design.org\/fr\/wp-json\/wp\/v2\/comments?post=624"}],"wp:featuredmedia":[{"embeddable":true,"href":"https:\/\/medv-design.org\/fr\/wp-json\/wp\/v2\/media\/869"}],"wp:attachment":[{"href":"https:\/\/medv-design.org\/fr\/wp-json\/wp\/v2\/media?parent=624"}],"wp:term":[{"taxonomy":"product_brand","embeddable":true,"href":"https:\/\/medv-design.org\/fr\/wp-json\/wp\/v2\/product_brand?post=624"},{"taxonomy":"product_cat","embeddable":true,"href":"https:\/\/medv-design.org\/fr\/wp-json\/wp\/v2\/product_cat?post=624"},{"taxonomy":"product_tag","embeddable":true,"href":"https:\/\/medv-design.org\/fr\/wp-json\/wp\/v2\/product_tag?post=624"}],"curies":[{"name":"wp","href":"https:\/\/api.w.org\/{rel}","templated":true}]}}