{"id":623,"date":"2025-12-08T20:00:27","date_gmt":"2025-12-08T20:00:27","guid":{"rendered":"https:\/\/medv-design.org\/product\/progold-2500-lichtgewicht-vulmiddel\/"},"modified":"2026-02-07T15:50:55","modified_gmt":"2026-02-07T15:50:55","slug":"progold-2500-lichtgewicht-vulmiddel","status":"publish","type":"product","link":"https:\/\/medv-design.org\/fr\/produit\/progold-2500-lichtgewicht-vulmiddel\/","title":{"rendered":"ProGold 2500 Remplissage l\u00e9ger"},"content":{"rendered":"<p>     P\u00e2te de remplissage ultra l\u00e9g\u00e8re pr\u00eate \u00e0 l\u2019emploi.<\/p>\n<ul>\n<li>Remplissage l\u00e9ger<\/li>\n<li>Pr\u00eat \u00e0 l\u2019emploi<\/li>\n<li>Remplit d\u2019une seule fois<\/li>\n<li>Pratiquement sans r\u00e9tr\u00e9cissement<\/li>\n<li>Sommaire 1 et 5 litre<\/li>\n<\/ul>\n<h1><span style=\"font-size: 20px;\"><strong>Description<\/strong><\/span><\/h1>\n<p>Le ProGold 2500 Lightweight Filler est un produit de remplissage permettant de r\u00e9parer et lisser rapidement et facilement les trous, joints et fissures de nombreux substrats en une seule op\u00e9ration. Il est \u00e9galement tr\u00e8s adapt\u00e9 pour remplir les joints en plaques de pl\u00e2tre et plafonds. Le ProGold 2500 Lightweight Filler s\u00e8che si vite qu\u2019il peut g\u00e9n\u00e9ralement \u00eatre repeint en quelques minutes. Il est pratiquement sans r\u00e9tr\u00e9cition.<\/p>","protected":false},"excerpt":{"rendered":"<p>Gebruiksklare ultra lichtgewicht vulpasta. Lichtgewicht vulmiddel Gebruiksklaar Vult in \u00e9\u00e9n keer Vrijwel krimpvrij Inhoud 1 en 5 ltr Omschrijving ProGold 2500 Lichtgewicht Vulmiddel is een vulmiddel voor het in \u00e9\u00e9n bewerking snel en eenvoudig repareren en uitvlakken van gaten, voegen en scheuren in vele ondergronden. Het is ook zeer geschikt voor het vullen van naden [&hellip;]<\/p>\n","protected":false},"featured_media":871,"comment_status":"open","ping_status":"closed","template":"","meta":[],"product_brand":[88],"product_cat":[94,19],"product_tag":[],"class_list":{"0":"post-623","1":"product","2":"type-product","3":"status-publish","4":"has-post-thumbnail","6":"product_brand-progold","7":"product_cat-schildersbenodigdheden-plamuur-vulmiddelen","8":"product_cat-schildersbenodigdheden","9":"pa_binnen-buiten-binnen","10":"pa_diepte-reparatie-per-laag-tot-20-mm","11":"pa_eigenschappen-krimpvrij","12":"pa_inhoud-1l","13":"pa_inhoud-5l","14":"pa_kleur-wit","15":"pa_merk-progold","16":"pa_ondergrond-oude-verflagen","17":"pa_samenstelling-1-component","18":"pa_upc-592","20":"first","21":"instock","22":"shipping-taxable","23":"purchasable","24":"product-type-variable"},"_links":{"self":[{"href":"https:\/\/medv-design.org\/fr\/wp-json\/wp\/v2\/product\/623","targetHints":{"allow":["GET"]}}],"collection":[{"href":"https:\/\/medv-design.org\/fr\/wp-json\/wp\/v2\/product"}],"about":[{"href":"https:\/\/medv-design.org\/fr\/wp-json\/wp\/v2\/types\/product"}],"replies":[{"embeddable":true,"href":"https:\/\/medv-design.org\/fr\/wp-json\/wp\/v2\/comments?post=623"}],"wp:featuredmedia":[{"embeddable":true,"href":"https:\/\/medv-design.org\/fr\/wp-json\/wp\/v2\/media\/871"}],"wp:attachment":[{"href":"https:\/\/medv-design.org\/fr\/wp-json\/wp\/v2\/media?parent=623"}],"wp:term":[{"taxonomy":"product_brand","embeddable":true,"href":"https:\/\/medv-design.org\/fr\/wp-json\/wp\/v2\/product_brand?post=623"},{"taxonomy":"product_cat","embeddable":true,"href":"https:\/\/medv-design.org\/fr\/wp-json\/wp\/v2\/product_cat?post=623"},{"taxonomy":"product_tag","embeddable":true,"href":"https:\/\/medv-design.org\/fr\/wp-json\/wp\/v2\/product_tag?post=623"}],"curies":[{"name":"wp","href":"https:\/\/api.w.org\/{rel}","templated":true}]}}