{"id":621,"date":"2025-12-08T20:00:27","date_gmt":"2025-12-08T20:00:27","guid":{"rendered":"https:\/\/medv-design.org\/product\/jansen-koperlak\/"},"modified":"2026-02-07T15:51:01","modified_gmt":"2026-02-07T15:51:01","slug":"jansen-koperlak","status":"publish","type":"product","link":"https:\/\/medv-design.org\/fr\/produit\/jansen-koperlak\/","title":{"rendered":"Laque en cuivre Jansen"},"content":{"rendered":"<h3>Pourquoi choisir Jansen Copper Lacquer ?<\/h3>\n<p>Avec <strong>Laque en cuivre Jansen<\/strong> Donnez \u00e0 vos surfaces une finition cuivr\u00e9e \u00e9l\u00e9gante. Cette laque d\u2019effet contient du vrai pigment de cuivre et convient au bois, au m\u00e9tal, au plastique et plus encore. Gr\u00e2ce \u00e0 son effet r\u00e9sistant \u00e0 la rouille et \u00e0 sa grande r\u00e9sistance aux intemp\u00e9ries, la peinture est parfaite pour une utilisation \u00e0 la fois en int\u00e9rieur et \u00e0 l\u2019ext\u00e9rieur.<\/p>\n<p><strong>Principaux avantages<\/strong><\/p>\n<ul>\n<li> <strong>Couleur cuivre v\u00e9ritable<\/strong> par pigment de cuivre r\u00e9el<\/li>\n<li> <strong>\u00c9tanche aux intemp\u00e9ries<\/strong>: adapt\u00e9 \u00e0 un usage int\u00e9rieur et ext\u00e9rieur<\/li>\n<li> <strong>Antirouille<\/strong>: prot\u00e8ge les surfaces m\u00e9talliques<\/li>\n<li> <strong>Utilisation polyvalente<\/strong>: bois, m\u00e9tal, plastique, vieilles couches de peinture<\/li>\n<li> <strong>Brillant soyeux<\/strong> pour un look \u00e9l\u00e9gant<\/li>\n<\/ul>\n<p>\ud83d\udc49 Ordre <strong>Laque en cuivre Jansen<\/strong> Maintenant, \u00e0 Paintstore.be et embellez votre surface avec un vrai aspect cuivre.<\/p>\n<hr>\n<details>\n<summary><span style=\"font-size: 18px;\">Plus d'informations<\/span><\/summary>\n<section>\n<h3>O\u00f9 utilisez-vous la laque cuivre ?<\/h3>\n<ul>\n<li> <strong>Goutti\u00e8res et descentes pluviales<\/strong>: pour une finition durable et esth\u00e9tique<\/li>\n<li> <strong>Cl\u00f4tures et fer forg\u00e9<\/strong>: allie apparence et protection<\/li>\n<li> <strong>Bois<\/strong>: aspect d\u00e9coratif en cuivre pour les portes, le mobilier et les constructions<\/li>\n<li> <strong>Plastiques et aluminium<\/strong>: apr\u00e8s un traitement pr\u00e9alable appropri\u00e9<\/li>\n<li> <strong>Projets int\u00e9rieurs<\/strong>: effets d\u00e9coratifs sur les murs ou le mobilier<\/li>\n<\/ul>\n<hr>\n<h3>Comment utilisez-vous le vernis en cuivre Jansen ?<\/h3>\n<ol>\n<li> Assurez-vous que la surface est propre, s\u00e8che et stable.<\/li>\n<li> Pour le m\u00e9tal : enlever la rouille en profondeur et appliquer 2 couches d\u2019appr\u00eat (S\u00fcdwest All-Grund).<\/li>\n<li> Pour le bois : sablez, appr\u00eatez avec du S\u00fcdwest Acryl All-Grund, puis appliquez de la laque cuivre.<\/li>\n<li> Pour le plastique, le zinc et l\u2019aluminium : propre, 1 couche d\u2019appr\u00eat puis de laque cuivre.<\/li>\n<li> Terminez la surface avec 2 couches de laque Jansen Copper pour un r\u00e9sultat durable.<\/li>\n<\/ol>\n<p>\ud83d\udca1 <strong>Conseil de pro<\/strong>: pour une protection suppl\u00e9mentaire, on peut utiliser une couche mixte avec S\u00fcdwest Paladur et une couche finale de Paladur.<\/p>\n<hr>\n<h3>Informations techniques<\/h3>\n<ul>\n<li> <strong>Base de liant<\/strong>: combinaison alkyde-plastique<\/li>\n<li> <strong>Pigment<\/strong>: cuivre r\u00e9el<\/li>\n<li> <strong>Couleurs<\/strong>: cuivre et cuivre ancien<\/li>\n<li> <strong>Emballage<\/strong>: 125 ml, 375 ml, 750 ml, 2,5 L<\/li>\n<li> <strong>Consommation<\/strong>: environ 10 m\u00b2 par litre<\/li>\n<li> <strong>Niveau de brillance<\/strong>: Satin<\/li>\n<li> <strong>Temps de s\u00e9chage<\/strong>: s\u00e8che \u00e0 la poussi\u00e8re apr\u00e8s 6 \u00e0 8 heures, peignable apr\u00e8s 12 \u00e0 14 heures, s\u00e8che compl\u00e8tement apr\u00e8s 2 \u00e0 3 jours<\/li>\n<\/ul>\n<hr>\n<h3>Questions fr\u00e9quemment pos\u00e9es<\/h3>\n<p><strong>Le Vernis en cuivre Jansen est-il adapt\u00e9 \u00e0 un usage ext\u00e9rieur ?<\/strong><br \/> Oui, la peinture est r\u00e9sistante aux intemp\u00e9ries et id\u00e9ale pour les projets ext\u00e9rieurs.<\/p>\n<p><strong>Puis-je utiliser de la laque en cuivre directement sur le m\u00e9tal ?<\/strong><br \/> Pour un r\u00e9sultat durable, commencez par amorcer avec une amorce appropri\u00e9e comme S\u00fcdwest All-Grund.<\/p>\n<p><strong>La couleur cuivr\u00e9e est-elle vraiment m\u00e9tallique ?<\/strong><br \/> Oui, gr\u00e2ce au vrai pigment cuivr\u00e9, la peinture a un aspect m\u00e9tallique authentique.<\/p>\n<hr>\n<h3>Pourquoi acheter chez Paintstore.be ?<\/h3>\n<ul>\n<li> Des vernis \u00e0 effet de haute qualit\u00e9 avec un look unique<\/li>\n<li> Livraison rapide \u00e0 partir du stock<\/li>\n<li> Livraison gratuite \u00e0 partir de 75 \u20ac<\/li>\n<li> Service fiable et conseils<\/li>\n<\/ul>\n<p>\ud83d\udc49 Ordre aujourd\u2019hui <strong>Laque en cuivre Jansen<\/strong> Et cr\u00e9ez une finition cuivr\u00e9e durable pour votre projet.<\/p>\n<\/section>\n<\/details>\n<p><strong>Fiche technique<\/strong><br \/><a href=\"https:\/\/paintstore.be\/wp-content\/uploads\/2025\/09\/Jansen-Koperlak-technische-fiche-1.pdf\" target=\"_blank\" rel=\"noopener\"> Cliquez ici pour voir le <span \"=\"\">Cliquez ici pour t\u00e9l\u00e9charger la fiche technique de Jansen Koperlak<\/span><\/a><\/p>","protected":false},"excerpt":{"rendered":"<p>Waarom kiezen voor Jansen Koperlak? Met Jansen Koperlak geef je oppervlakken een stijlvolle koperkleurige afwerking. Deze effectlak bevat echt koperpigment en is geschikt voor hout, metaal, kunststof en meer. Dankzij de roestwerende werking en de hoge weersbestendigheid is de verf zowel binnen als buiten perfect toepasbaar. Belangrijkste voordelen Echte koperkleur door echt koperpigment Weerbestendig: geschikt [&hellip;]<\/p>\n","protected":false},"featured_media":1048,"comment_status":"open","ping_status":"closed","template":"","meta":[],"product_brand":[89],"product_cat":[102,104],"product_tag":[],"class_list":{"0":"post-621","1":"product","2":"type-product","3":"status-publish","4":"has-post-thumbnail","6":"product_brand-jansen","7":"product_cat-verf-decoratieve-verf","8":"product_cat-verf-decoratieve-verf-metaallakken-decoratief","9":"pa_basis-solventbasis","10":"pa_binnen-buiten-binnen","11":"pa_eigenschappen-roestwerend","12":"pa_glansgraad-zijdeglans","13":"pa_inhoud-0-375l","14":"pa_kleur-oud-koper","15":"pa_merk-jansen","16":"pa_ondergrond-metaal","17":"pa_overschilderbaar-vanaf-12-uur","19":"first","20":"instock","21":"shipping-taxable","22":"purchasable","23":"product-type-variable"},"_links":{"self":[{"href":"https:\/\/medv-design.org\/fr\/wp-json\/wp\/v2\/product\/621","targetHints":{"allow":["GET"]}}],"collection":[{"href":"https:\/\/medv-design.org\/fr\/wp-json\/wp\/v2\/product"}],"about":[{"href":"https:\/\/medv-design.org\/fr\/wp-json\/wp\/v2\/types\/product"}],"replies":[{"embeddable":true,"href":"https:\/\/medv-design.org\/fr\/wp-json\/wp\/v2\/comments?post=621"}],"wp:featuredmedia":[{"embeddable":true,"href":"https:\/\/medv-design.org\/fr\/wp-json\/wp\/v2\/media\/1048"}],"wp:attachment":[{"href":"https:\/\/medv-design.org\/fr\/wp-json\/wp\/v2\/media?parent=621"}],"wp:term":[{"taxonomy":"product_brand","embeddable":true,"href":"https:\/\/medv-design.org\/fr\/wp-json\/wp\/v2\/product_brand?post=621"},{"taxonomy":"product_cat","embeddable":true,"href":"https:\/\/medv-design.org\/fr\/wp-json\/wp\/v2\/product_cat?post=621"},{"taxonomy":"product_tag","embeddable":true,"href":"https:\/\/medv-design.org\/fr\/wp-json\/wp\/v2\/product_tag?post=621"}],"curies":[{"name":"wp","href":"https:\/\/api.w.org\/{rel}","templated":true}]}}