{"id":618,"date":"2025-12-08T20:00:26","date_gmt":"2025-12-08T20:00:26","guid":{"rendered":"https:\/\/medv-design.org\/product\/jansen-acryl-snelplamuur\/"},"modified":"2026-02-07T15:51:09","modified_gmt":"2026-02-07T15:51:09","slug":"jansen-acryl-snelplamuur","status":"publish","type":"product","link":"https:\/\/medv-design.org\/fr\/produit\/jansen-acryl-snelplamuur\/","title":{"rendered":"Mastic acrylique rapide Jansen"},"content":{"rendered":"<h3>Pourquoi choisir la p\u00e2te acrylique rapide Jansen ?<\/h3>\n<p>De <strong>Mastic acrylique rapide Jansen<\/strong> est la solution pour r\u00e9parer rapidement et de mani\u00e8re pr\u00e9cise les d\u00e9g\u00e2ts mineurs. Cette p\u00e2te \u00e0 base d\u2019eau est sans solvant, s\u00e8che rapidement et est facile \u00e0 poncer. Id\u00e9al pour le bois, le m\u00e9tal, le b\u00e9ton et le p\u00e2tre \u2013 aussi bien en int\u00e9rieur qu\u2019en ext\u00e9rieur.<\/p>\n<p><strong>Principaux avantages<\/strong><\/p>\n<ul>\n<li> <strong>S\u00e9chage rapide<\/strong>: peut \u00eatre repeint apr\u00e8s 1 \u00e0 2 heures<\/li>\n<li> <strong>Polyvalent<\/strong>: adapt\u00e9 au bois, au m\u00e9tal, au b\u00e9ton et au pl\u00e2tre<\/li>\n<li> <strong>Facile \u00e0 traiter<\/strong>: facile \u00e0 poncer, r\u00e9sultat lisse<\/li>\n<li> <strong>Prot\u00e8ge le m\u00e9tal<\/strong>: emp\u00eache la rouille des clous et des agrafes<\/li>\n<li> <strong>A peindre<\/strong> avec des peintures alkydiques et acryliques, et avec de la peinture murale<\/li>\n<\/ul>\n<p>\ud83d\udc49 Ordre <strong>Mastic acrylique rapide Jansen<\/strong> Directement sur Paintstore.be et enlever les d\u00e9g\u00e2ts rapidement et professionnellement.<\/p>\n<hr>\n<details>\n<summary><span style=\"font-size: 18px;\">Plus d'informations<\/span><\/summary>\n<section>\n<h3>\u00c0 quoi servent le remplissage rapide acrylique Jansen ?<\/h3>\n<ul>\n<li> <strong>Bois<\/strong>: comblant les pores, les mitres et les dommages mineurs<\/li>\n<li> <strong>M\u00e9tal<\/strong>: id\u00e9al pour les trous de clous et d\u2019agrafes, gr\u00e2ce \u00e0 une protection int\u00e9gr\u00e9e contre la rouille<\/li>\n<li> <strong>B\u00e9tonnement et pl\u00e2tre<\/strong>: comble rapidement et fermement les petits trous et fissures<\/li>\n<li> <strong>\u00c0 l\u2019int\u00e9rieur et \u00e0 l\u2019ext\u00e9rieur<\/strong>: universellement applicable (appliquer de fines couches sur les \u0153uvres ext\u00e9rieures et repeindre rapidement)<\/li>\n<\/ul>\n<hr>\n<h3>Comment utilisez-vous la p\u00e2te acrylique Quick Putty ?<\/h3>\n<ol>\n<li> Assurez-vous que la surface est propre, s\u00e8che et porteuse.<\/li>\n<li> Appliquez la p\u00e2te \u00e0 mastic avec un couteau \u00e0 mastic en acier inoxydable.<\/li>\n<li> Lorsque vous utilisez le tube de scellant de 600 grains : vaporisez directement dans la fissure et lissez ensuite.<\/li>\n<li> Laissez s\u00e9cher environ 1 \u00e0 2 heures (selon l\u2019\u00e9paisseur de la couche).<\/li>\n<li> Poncez lissement et peignez par-dessus avec de la laque ou de la peinture murale.<\/li>\n<\/ol>\n<p>\ud83d\udca1 <strong>Conseil de pro<\/strong>: Pour les applications ext\u00e9rieures, travaillez plusieurs couches fines et peignez d\u00e8s que possible pour un r\u00e9sultat durable.<\/p>\n<hr>\n<h3>Informations techniques<\/h3>\n<ul>\n<li> <strong>Couleur<\/strong>: blanc<\/li>\n<li> <strong>Emballage<\/strong>: 400 grains et tube de 1,3 kg, tube de calfeutrage de 600 grains<\/li>\n<li> <strong>Caract\u00e9ristiques<\/strong>: \u00e0 base d\u2019eau, sans solvant, tr\u00e8s facile \u00e0 poncer<\/li>\n<li> <strong>Temps de s\u00e9chage<\/strong>: environ 1 \u00e0 2 heures (\u00e0 20 \u00b0C, 60 % d\u2019humidit\u00e9 relative)<\/li>\n<li> <strong>Densit\u00e9<\/strong>: environ 1,95 g\/cm\u00b3<\/li>\n<\/ul>\n<hr>\n<h3>Questions fr\u00e9quemment pos\u00e9es<\/h3>\n<p><strong>Puis-je utiliser de la p\u00e2te acrylique Quick Putty \u00e0 l\u2019ext\u00e9rieur ?<\/strong><br \/> Oui, mais appliquez toujours en couches fines et peignez imm\u00e9diatement apr\u00e8s s\u00e9chage pour un r\u00e9sultat durable.<\/p>\n<p><strong>Dois-je d\u2019abord amorcer les surfaces m\u00e9talliques ?<\/strong><br \/> Les petits trous pour clous et agrafes ne le sont pas, \u00e0 cause de leur effet inhibiteur de la rouille. Les zones plus grandes doivent \u00eatre appr\u00eat\u00e9es avec un appr\u00eat appropri\u00e9.<\/p>\n<p><strong>Puis-je le repeindre avec n\u2019importe quelle peinture ?<\/strong><br \/> Oui, \u00e0 la fois avec des peintures alkydes et acryliques, ainsi qu\u2019avec des peintures dispersantes et murales.<\/p>\n<hr>\n<h3>Pourquoi acheter chez Paintstore.be ?<\/h3>\n<ul>\n<li> <strong>Rempla\u00e7ants professionnels<\/strong> \u00e0 des prix comp\u00e9titifs<\/li>\n<li> <strong>Livraison rapide<\/strong> En rupture de stock<\/li>\n<li> <strong>Livraison gratuite \u00e0 partir de 75 \u20ac<\/strong><\/li>\n<li> <strong>Service fiable et conseils<\/strong><\/li>\n<\/ul>\n<p>\ud83d\udc49 Commandez votre <strong>Mastic acrylique rapide Jansen<\/strong> et r\u00e9parer les d\u00e9g\u00e2ts sans effort avec un r\u00e9sultat professionnel.<\/p>\n<\/section>\n<\/details>\n<p><strong>Fiche technique<\/strong><br \/><a href=\"https:\/\/paintstore.be\/wp-content\/uploads\/2025\/09\/Jansen-Acryl-Snelplamuur.technische-fiche-nlpdf.pdf\" target=\"_blank\" rel=\"noopener\"> Cliquez ici pour voir le <span \"=\"\">Fiche technique \u00e0 t\u00e9l\u00e9charger &gt;&gt;<br \/><\/span><\/a><\/p>","protected":false},"excerpt":{"rendered":"<p>Waarom kiezen voor Jansen Acryl Snelplamuur? De Jansen Acryl Snelplamuur is d\u00e9 oplossing voor het snel en strak herstellen van kleine beschadigingen. Deze watergedragen plamuur is oplosmiddelvrij, droogt snel en laat zich eenvoudig schuren. Ideaal voor hout, metaal, beton en pleisterwerk \u2013 zowel binnen als buiten. Belangrijkste voordelen Sneldrogend: overschilderbaar na 1\u20132 uur Veelzijdig: geschikt [&hellip;]<\/p>\n","protected":false},"featured_media":1028,"comment_status":"open","ping_status":"closed","template":"","meta":[],"product_brand":[89],"product_cat":[94,19],"product_tag":[],"class_list":{"0":"post-618","1":"product","2":"type-product","3":"status-publish","4":"has-post-thumbnail","6":"product_brand-jansen","7":"product_cat-schildersbenodigdheden-plamuur-vulmiddelen","8":"product_cat-schildersbenodigdheden","9":"pa_binnen-buiten-binnen-buiten","10":"pa_diepte-reparatie-per-laag-1-mm-per-laag","11":"pa_eigenschappen-overschilderbaar","12":"pa_inhoud-400-gr","13":"pa_inhoud-600-gr","14":"pa_merk-jansen","15":"pa_ondergrond-metaal","16":"pa_overschilderbaar-vanaf-1-uur","17":"pa_samenstelling-1-component","19":"first","20":"instock","21":"shipping-taxable","22":"purchasable","23":"product-type-variable"},"_links":{"self":[{"href":"https:\/\/medv-design.org\/fr\/wp-json\/wp\/v2\/product\/618","targetHints":{"allow":["GET"]}}],"collection":[{"href":"https:\/\/medv-design.org\/fr\/wp-json\/wp\/v2\/product"}],"about":[{"href":"https:\/\/medv-design.org\/fr\/wp-json\/wp\/v2\/types\/product"}],"replies":[{"embeddable":true,"href":"https:\/\/medv-design.org\/fr\/wp-json\/wp\/v2\/comments?post=618"}],"wp:featuredmedia":[{"embeddable":true,"href":"https:\/\/medv-design.org\/fr\/wp-json\/wp\/v2\/media\/1028"}],"wp:attachment":[{"href":"https:\/\/medv-design.org\/fr\/wp-json\/wp\/v2\/media?parent=618"}],"wp:term":[{"taxonomy":"product_brand","embeddable":true,"href":"https:\/\/medv-design.org\/fr\/wp-json\/wp\/v2\/product_brand?post=618"},{"taxonomy":"product_cat","embeddable":true,"href":"https:\/\/medv-design.org\/fr\/wp-json\/wp\/v2\/product_cat?post=618"},{"taxonomy":"product_tag","embeddable":true,"href":"https:\/\/medv-design.org\/fr\/wp-json\/wp\/v2\/product_tag?post=618"}],"curies":[{"name":"wp","href":"https:\/\/api.w.org\/{rel}","templated":true}]}}