{"id":617,"date":"2025-12-08T20:00:26","date_gmt":"2025-12-08T20:00:26","guid":{"rendered":"https:\/\/medv-design.org\/product\/flamant-kleurenkaart\/"},"modified":"2026-01-27T02:05:47","modified_gmt":"2026-01-27T02:05:47","slug":"flamant-kleurenkaart","status":"publish","type":"product","link":"https:\/\/medv-design.org\/fr\/produit\/flamant-kleurenkaart\/","title":{"rendered":"Nuancier Flamant"},"content":{"rendered":"<p>Le nuancier Flamant comprend 128 couleurs tendance. Il y a forc\u00e9ment une couleur qui correspond \u00e0 votre int\u00e9rieur ! <\/p>","protected":false},"excerpt":{"rendered":"<p>Le nuancier Flamant comprend 128 couleurs tendance. Il y a forc\u00e9ment une couleur qui correspond \u00e0 votre int\u00e9rieur !<\/p>","protected":false},"featured_media":934,"comment_status":"open","ping_status":"closed","template":"","meta":[],"product_brand":[],"product_cat":[30],"product_tag":[],"class_list":{"0":"post-617","1":"product","2":"type-product","3":"status-publish","4":"has-post-thumbnail","6":"product_cat-kleurenkaarten","8":"first","9":"instock","10":"shipping-taxable","11":"purchasable","12":"product-type-simple"},"_links":{"self":[{"href":"https:\/\/medv-design.org\/fr\/wp-json\/wp\/v2\/product\/617","targetHints":{"allow":["GET"]}}],"collection":[{"href":"https:\/\/medv-design.org\/fr\/wp-json\/wp\/v2\/product"}],"about":[{"href":"https:\/\/medv-design.org\/fr\/wp-json\/wp\/v2\/types\/product"}],"replies":[{"embeddable":true,"href":"https:\/\/medv-design.org\/fr\/wp-json\/wp\/v2\/comments?post=617"}],"wp:featuredmedia":[{"embeddable":true,"href":"https:\/\/medv-design.org\/fr\/wp-json\/wp\/v2\/media\/934"}],"wp:attachment":[{"href":"https:\/\/medv-design.org\/fr\/wp-json\/wp\/v2\/media?parent=617"}],"wp:term":[{"taxonomy":"product_brand","embeddable":true,"href":"https:\/\/medv-design.org\/fr\/wp-json\/wp\/v2\/product_brand?post=617"},{"taxonomy":"product_cat","embeddable":true,"href":"https:\/\/medv-design.org\/fr\/wp-json\/wp\/v2\/product_cat?post=617"},{"taxonomy":"product_tag","embeddable":true,"href":"https:\/\/medv-design.org\/fr\/wp-json\/wp\/v2\/product_tag?post=617"}],"curies":[{"name":"wp","href":"https:\/\/api.w.org\/{rel}","templated":true}]}}