{"id":616,"date":"2025-12-08T20:00:26","date_gmt":"2025-12-08T20:00:26","guid":{"rendered":"https:\/\/medv-design.org\/product\/combideal-progold-muurverfset-5-delig\/"},"modified":"2026-01-27T02:05:43","modified_gmt":"2026-01-27T02:05:43","slug":"combideal-progold-muurverfset-5-delig","status":"publish","type":"product","link":"https:\/\/medv-design.org\/fr\/produit\/combideal-progold-muurverfset-5-delig\/","title":{"rendered":"Combideal Progold Wall Paint Set 5 pi\u00e8ces"},"content":{"rendered":"<p><span style=\"font-size: 20px;\"><strong>Description<\/strong><\/span><\/p>\n<p><strong>Ensemble de peinture murale en 5 pi\u00e8ces <\/strong><strong>Compos\u00e9 de : <\/strong><\/p>\n<ul>\n<li>Support Progold Softgrip de 18 cm<\/li>\n<li>Rouleau anti-\u00e9claboussures Progold 18 cm<\/li>\n<li>Bac \u00e0 rouleau Progold 25 x 32 cm<\/li>\n<li>Feuille d\u2019aluminium Progold pour le plateau de rouleau de peinture 25 x 32 cm (5 pi\u00e8ces)<\/li>\n<li>Brosse brevet\u00e9e Progold Classic 7520-16<\/li>\n<\/ul>","protected":false},"excerpt":{"rendered":"<p>Description : Ensemble de peinture murale en 5 pi\u00e8ces compos\u00e9 de : Support Progold Softgrip de 18 cm Rouleau anti-\u00e9claboussures Progold 18 cm Plateau de rouleau \u00e0 peinture Progold 25 x 32 cm Feuille d\u2019insertion Progold pour plateau de rouleau \u00e0 peinture 25 x 32 cm (5 pi\u00e8ces) Pinceau brevet\u00e9 Progold Classic 7520-16<\/p>","protected":false},"featured_media":964,"comment_status":"open","ping_status":"closed","template":"","meta":[],"product_brand":[],"product_cat":[101,98,97],"product_tag":[],"class_list":{"0":"post-616","1":"product","2":"type-product","3":"status-publish","4":"has-post-thumbnail","6":"product_cat-schildersbenodigdheden-verfbakjes-en-emmers","7":"product_cat-schildersbenodigdheden-verfborstels","8":"product_cat-schildersbenodigdheden-verfrollen-en-beugels","10":"first","11":"instock","12":"shipping-taxable","13":"purchasable","14":"product-type-simple"},"_links":{"self":[{"href":"https:\/\/medv-design.org\/fr\/wp-json\/wp\/v2\/product\/616","targetHints":{"allow":["GET"]}}],"collection":[{"href":"https:\/\/medv-design.org\/fr\/wp-json\/wp\/v2\/product"}],"about":[{"href":"https:\/\/medv-design.org\/fr\/wp-json\/wp\/v2\/types\/product"}],"replies":[{"embeddable":true,"href":"https:\/\/medv-design.org\/fr\/wp-json\/wp\/v2\/comments?post=616"}],"wp:featuredmedia":[{"embeddable":true,"href":"https:\/\/medv-design.org\/fr\/wp-json\/wp\/v2\/media\/964"}],"wp:attachment":[{"href":"https:\/\/medv-design.org\/fr\/wp-json\/wp\/v2\/media?parent=616"}],"wp:term":[{"taxonomy":"product_brand","embeddable":true,"href":"https:\/\/medv-design.org\/fr\/wp-json\/wp\/v2\/product_brand?post=616"},{"taxonomy":"product_cat","embeddable":true,"href":"https:\/\/medv-design.org\/fr\/wp-json\/wp\/v2\/product_cat?post=616"},{"taxonomy":"product_tag","embeddable":true,"href":"https:\/\/medv-design.org\/fr\/wp-json\/wp\/v2\/product_tag?post=616"}],"curies":[{"name":"wp","href":"https:\/\/api.w.org\/{rel}","templated":true}]}}