{"id":615,"date":"2025-12-08T20:00:26","date_gmt":"2025-12-08T20:00:26","guid":{"rendered":"https:\/\/medv-design.org\/product\/combideal-progold-muurverfset-3-delig\/"},"modified":"2026-02-07T15:51:12","modified_gmt":"2026-02-07T15:51:12","slug":"combideal-progold-muurverfset-3-delig","status":"publish","type":"product","link":"https:\/\/medv-design.org\/fr\/produit\/combideal-progold-muurverfset-3-delig\/","title":{"rendered":"Ensemble de peinture murale Combideal Progold en 3 pi\u00e8ces"},"content":{"rendered":"<p><span style=\"font-size: 20px;\"><strong>Description<\/strong><\/span><\/p>\n<p><strong>Ensemble de peinture murale en 3 parties compos\u00e9 de : <\/strong><\/p>\n<ul>\n<li>Support Progold Softgrip de 18 cm<\/li>\n<li>Rouleau anti-\u00e9claboussures Progold 18 cm<\/li>\n<li>Plateau Progold pour rouleaux de peinture 25 x 32 cm<\/li>\n<\/ul>","protected":false},"excerpt":{"rendered":"<p>Description : Ensemble de peinture murale en trois pi\u00e8ces compos\u00e9 de : Support Progold Softgrip de 18 cm Rouleau anti-\u00e9claboussures Progold 18 cm Bac \u00e0 rouleau \u00e0 peinture Progold 25 x 32 cm<\/p>","protected":false},"featured_media":962,"comment_status":"open","ping_status":"closed","template":"","meta":[],"product_brand":[88],"product_cat":[19,101,97],"product_tag":[],"class_list":{"0":"post-615","1":"product","2":"type-product","3":"status-publish","4":"has-post-thumbnail","6":"product_brand-progold","7":"product_cat-schildersbenodigdheden","8":"product_cat-schildersbenodigdheden-verfbakjes-en-emmers","9":"product_cat-schildersbenodigdheden-verfrollen-en-beugels","10":"pa_merk-progold","12":"first","13":"instock","14":"shipping-taxable","15":"purchasable","16":"product-type-simple"},"_links":{"self":[{"href":"https:\/\/medv-design.org\/fr\/wp-json\/wp\/v2\/product\/615","targetHints":{"allow":["GET"]}}],"collection":[{"href":"https:\/\/medv-design.org\/fr\/wp-json\/wp\/v2\/product"}],"about":[{"href":"https:\/\/medv-design.org\/fr\/wp-json\/wp\/v2\/types\/product"}],"replies":[{"embeddable":true,"href":"https:\/\/medv-design.org\/fr\/wp-json\/wp\/v2\/comments?post=615"}],"wp:featuredmedia":[{"embeddable":true,"href":"https:\/\/medv-design.org\/fr\/wp-json\/wp\/v2\/media\/962"}],"wp:attachment":[{"href":"https:\/\/medv-design.org\/fr\/wp-json\/wp\/v2\/media?parent=615"}],"wp:term":[{"taxonomy":"product_brand","embeddable":true,"href":"https:\/\/medv-design.org\/fr\/wp-json\/wp\/v2\/product_brand?post=615"},{"taxonomy":"product_cat","embeddable":true,"href":"https:\/\/medv-design.org\/fr\/wp-json\/wp\/v2\/product_cat?post=615"},{"taxonomy":"product_tag","embeddable":true,"href":"https:\/\/medv-design.org\/fr\/wp-json\/wp\/v2\/product_tag?post=615"}],"curies":[{"name":"wp","href":"https:\/\/api.w.org\/{rel}","templated":true}]}}