{"id":614,"date":"2025-12-08T20:00:26","date_gmt":"2025-12-08T20:00:26","guid":{"rendered":"https:\/\/medv-design.org\/product\/combideal-progold-lakverfset-5-delig\/"},"modified":"2026-02-07T15:51:15","modified_gmt":"2026-02-07T15:51:15","slug":"combideal-progold-lakverfset-5-delig","status":"publish","type":"product","link":"https:\/\/medv-design.org\/fr\/produit\/combideal-progold-lakverfset-5-delig\/","title":{"rendered":"Combideal Progold Paint Set 5 pi\u00e8ces"},"content":{"rendered":"<p><span style=\"font-size: 20px;\"><strong>Description<\/strong><\/span><\/p>\n<p><strong>Ensemble de peinture laque en 5 parties compos\u00e9 de : <\/strong><\/p>\n<ul>\n<li>Support Progold Softgrip de 10 cm<\/li>\n<li>Rouleau en feutre Progold 10cm<\/li>\n<li>Plateau Progold pour rouleaux de peinture 16 x 31 cm<\/li>\n<li>Plateau Progold encastr\u00e9 pour rouleaux en feuille d\u2019aluminium 16 x 31 cm (5 pi\u00e8ces)<\/li>\n<li>Brosse brevet\u00e9e Progold Classic 7520-14<\/li>\n<\/ul>","protected":false},"excerpt":{"rendered":"<p>Description : Ensemble de peinture laque 5 pi\u00e8ces compos\u00e9 de : Support Progold Softgrip de rouleau en feutre Progold de 10 cm Plateau Progold pour rouleaux de peinture 16 x 31 cm Plateau Progold Rouleau en feuille d\u2019aluminium encastr\u00e9 16 x 31 cm (5 pi\u00e8ces) Pinceau brevet\u00e9 Progold Classic 7520-14<\/p>","protected":false},"featured_media":963,"comment_status":"open","ping_status":"closed","template":"","meta":[],"product_brand":[88],"product_cat":[101,98,97],"product_tag":[],"class_list":{"0":"post-614","1":"product","2":"type-product","3":"status-publish","4":"has-post-thumbnail","6":"product_brand-progold","7":"product_cat-schildersbenodigdheden-verfbakjes-en-emmers","8":"product_cat-schildersbenodigdheden-verfborstels","9":"product_cat-schildersbenodigdheden-verfrollen-en-beugels","10":"pa_merk-progold","12":"first","13":"instock","14":"shipping-taxable","15":"purchasable","16":"product-type-simple"},"_links":{"self":[{"href":"https:\/\/medv-design.org\/fr\/wp-json\/wp\/v2\/product\/614","targetHints":{"allow":["GET"]}}],"collection":[{"href":"https:\/\/medv-design.org\/fr\/wp-json\/wp\/v2\/product"}],"about":[{"href":"https:\/\/medv-design.org\/fr\/wp-json\/wp\/v2\/types\/product"}],"replies":[{"embeddable":true,"href":"https:\/\/medv-design.org\/fr\/wp-json\/wp\/v2\/comments?post=614"}],"wp:featuredmedia":[{"embeddable":true,"href":"https:\/\/medv-design.org\/fr\/wp-json\/wp\/v2\/media\/963"}],"wp:attachment":[{"href":"https:\/\/medv-design.org\/fr\/wp-json\/wp\/v2\/media?parent=614"}],"wp:term":[{"taxonomy":"product_brand","embeddable":true,"href":"https:\/\/medv-design.org\/fr\/wp-json\/wp\/v2\/product_brand?post=614"},{"taxonomy":"product_cat","embeddable":true,"href":"https:\/\/medv-design.org\/fr\/wp-json\/wp\/v2\/product_cat?post=614"},{"taxonomy":"product_tag","embeddable":true,"href":"https:\/\/medv-design.org\/fr\/wp-json\/wp\/v2\/product_tag?post=614"}],"curies":[{"name":"wp","href":"https:\/\/api.w.org\/{rel}","templated":true}]}}