{"id":612,"date":"2025-12-08T20:00:25","date_gmt":"2025-12-08T20:00:25","guid":{"rendered":"https:\/\/medv-design.org\/product\/chrisal-economic-ontvetter\/"},"modified":"2026-02-07T15:51:20","modified_gmt":"2026-02-07T15:51:20","slug":"chrisal-economic-ontvetter","status":"publish","type":"product","link":"https:\/\/medv-design.org\/fr\/produit\/chrisal-economic-ontvetter\/","title":{"rendered":"D\u00e9graissant \u00e9conomique chr\u00e9tien"},"content":{"rendered":"<div>\n<div>\n<div>\n<div>\n<div>\n<p><strong><span style=\"font-size: 20px;\">Description<\/span><\/strong><\/p>\n<div>\n<p>Chrisal Economic est un nettoyant et d\u00e9graissant extr\u00eamement polyvalent et tr\u00e8s efficace, qui peut \u00eatre utilis\u00e9 dans un large \u00e9ventail d\u2019applications.<\/p>\n<ul>\n<li>C\u2019est un produit alcalin \u00e0 base d\u2019eau<\/li>\n<li>Nettoie et d\u00e9graisse plus profond\u00e9ment et plus rapidement, \u00e9conomisant jusqu\u2019\u00e0 70 % de temps<\/li>\n<li>Est s\u00fbr pour toutes les surfaces lavables<\/li>\n<li>Enl\u00e8ve sans effort toute la salet\u00e9 de n\u2019importe quelle surface<\/li>\n<li>Est tr\u00e8s concentr\u00e9 et donc tr\u00e8s \u00e9conomique \u00e0 utiliser<\/li>\n<\/ul><\/div>\n<\/div>\n<\/div>\n<\/div>\n<\/div>\n<\/div>","protected":false},"excerpt":{"rendered":"<p>Omschrijving Chrisal Economic is een uiterst veelzijdige en zeer doeltreffende reiniger en ontvetter, inzetbaar in tal van toepassingen. Is een alkalisch product op basis van water Reinigt en ontvet dieper en sneller, daardoor tot 70% tijdbesparing Is veilig voor alle afwasbare oppervlakken Verwijdert moeiteloos alle vuil van ieder oppervlak Is sterk geconcentreerd en daardoor super [&hellip;]<\/p>\n","protected":false},"featured_media":868,"comment_status":"open","ping_status":"closed","template":"","meta":[],"product_brand":[87],"product_cat":[100,19],"product_tag":[],"class_list":{"0":"post-612","1":"product","2":"type-product","3":"status-publish","4":"has-post-thumbnail","6":"product_brand-chrisal","7":"product_cat-schildersbenodigdheden-reiniging-en-verdunning","8":"product_cat-schildersbenodigdheden","9":"pa_inhoud-1l","10":"pa_merk-chrisal","11":"pa_upc-589","13":"first","14":"instock","15":"shipping-taxable","16":"purchasable","17":"product-type-variable"},"_links":{"self":[{"href":"https:\/\/medv-design.org\/fr\/wp-json\/wp\/v2\/product\/612","targetHints":{"allow":["GET"]}}],"collection":[{"href":"https:\/\/medv-design.org\/fr\/wp-json\/wp\/v2\/product"}],"about":[{"href":"https:\/\/medv-design.org\/fr\/wp-json\/wp\/v2\/types\/product"}],"replies":[{"embeddable":true,"href":"https:\/\/medv-design.org\/fr\/wp-json\/wp\/v2\/comments?post=612"}],"wp:featuredmedia":[{"embeddable":true,"href":"https:\/\/medv-design.org\/fr\/wp-json\/wp\/v2\/media\/868"}],"wp:attachment":[{"href":"https:\/\/medv-design.org\/fr\/wp-json\/wp\/v2\/media?parent=612"}],"wp:term":[{"taxonomy":"product_brand","embeddable":true,"href":"https:\/\/medv-design.org\/fr\/wp-json\/wp\/v2\/product_brand?post=612"},{"taxonomy":"product_cat","embeddable":true,"href":"https:\/\/medv-design.org\/fr\/wp-json\/wp\/v2\/product_cat?post=612"},{"taxonomy":"product_tag","embeddable":true,"href":"https:\/\/medv-design.org\/fr\/wp-json\/wp\/v2\/product_tag?post=612"}],"curies":[{"name":"wp","href":"https:\/\/api.w.org\/{rel}","templated":true}]}}