{"id":611,"date":"2025-12-08T20:00:25","date_gmt":"2025-12-08T20:00:25","guid":{"rendered":"https:\/\/medv-design.org\/product\/cadeaubon\/"},"modified":"2026-01-27T02:05:21","modified_gmt":"2026-01-27T02:05:21","slug":"cadeaubon","status":"publish","type":"product","link":"https:\/\/medv-design.org\/fr\/produit\/cadeaubon\/","title":{"rendered":"Ch\u00e8que-cadeau"},"content":{"rendered":"<p>C\u2019est une carte cadeau num\u00e9rique. Apr\u00e8s l\u2019achat, vous recevrez un e-mail avec la carte cadeau et des instructions pour l\u2019utiliser. La carte peut \u00eatre utilis\u00e9e comme paiement pour tous les produits que nous poss\u00e9dons.<\/p>","protected":false},"excerpt":{"rendered":"<p>C\u2019est une carte cadeau num\u00e9rique. Apr\u00e8s l\u2019achat, vous recevrez un e-mail avec la carte cadeau et des instructions pour l\u2019utiliser. La carte peut \u00eatre utilis\u00e9e comme paiement pour tous les produits que nous poss\u00e9dons.<\/p>","protected":false},"featured_media":954,"comment_status":"open","ping_status":"closed","template":"","meta":[],"product_brand":[],"product_cat":[99],"product_tag":[],"class_list":{"0":"post-611","1":"product","2":"type-product","3":"status-publish","4":"has-post-thumbnail","6":"product_cat-schildersbenodigdheden-cadeaubon","8":"first","9":"instock","10":"shipping-taxable","11":"purchasable","12":"product-type-simple"},"_links":{"self":[{"href":"https:\/\/medv-design.org\/fr\/wp-json\/wp\/v2\/product\/611","targetHints":{"allow":["GET"]}}],"collection":[{"href":"https:\/\/medv-design.org\/fr\/wp-json\/wp\/v2\/product"}],"about":[{"href":"https:\/\/medv-design.org\/fr\/wp-json\/wp\/v2\/types\/product"}],"replies":[{"embeddable":true,"href":"https:\/\/medv-design.org\/fr\/wp-json\/wp\/v2\/comments?post=611"}],"wp:featuredmedia":[{"embeddable":true,"href":"https:\/\/medv-design.org\/fr\/wp-json\/wp\/v2\/media\/954"}],"wp:attachment":[{"href":"https:\/\/medv-design.org\/fr\/wp-json\/wp\/v2\/media?parent=611"}],"wp:term":[{"taxonomy":"product_brand","embeddable":true,"href":"https:\/\/medv-design.org\/fr\/wp-json\/wp\/v2\/product_brand?post=611"},{"taxonomy":"product_cat","embeddable":true,"href":"https:\/\/medv-design.org\/fr\/wp-json\/wp\/v2\/product_cat?post=611"},{"taxonomy":"product_tag","embeddable":true,"href":"https:\/\/medv-design.org\/fr\/wp-json\/wp\/v2\/product_tag?post=611"}],"curies":[{"name":"wp","href":"https:\/\/api.w.org\/{rel}","templated":true}]}}