{"id":610,"date":"2025-12-08T20:00:25","date_gmt":"2025-12-08T20:00:25","guid":{"rendered":"https:\/\/medv-design.org\/product\/anza-pro-viltrol\/"},"modified":"2026-02-07T15:51:23","modified_gmt":"2026-02-07T15:51:23","slug":"anza-pro-viltrol","status":"publish","type":"product","link":"https:\/\/medv-design.org\/fr\/produit\/anza-pro-viltrol\/","title":{"rendered":"Anza Pro Felt Role"},"content":{"rendered":"<p><span style=\"font-size: 20px;\"><\/span><strong><\/strong>Description Le feutre Anza Pro est extr\u00eamement adapt\u00e9 aux peintures, rev\u00eatements marins et peintures \u00e0 deux composants sur une surface lisse, offrant une finition sans structure. Les rouleaux sont sans peluches et absorbent fortement la peinture.<strong><\/strong><strong><span style=\"font-size: 20px;\"><\/span><\/strong><strong><span style=\"font-size: 20px;\"><\/span><\/strong><\/p>","protected":false},"excerpt":{"rendered":"<p>Description Le feutre Anza Pro est extr\u00eamement adapt\u00e9 aux peintures, rev\u00eatements marins et peintures \u00e0 deux composants sur une surface lisse, offrant une finition sans structure. Les rouleaux sont sans peluches et absorbent fortement la peinture.<\/p>","protected":false},"featured_media":1027,"comment_status":"open","ping_status":"closed","template":"","meta":[],"product_brand":[86],"product_cat":[19,97],"product_tag":[],"class_list":{"0":"post-610","1":"product","2":"type-product","3":"status-publish","4":"has-post-thumbnail","6":"product_brand-anza","7":"product_cat-schildersbenodigdheden","8":"product_cat-schildersbenodigdheden-verfrollen-en-beugels","9":"pa_basis-water-en-solventbasis","10":"pa_breedte-10-cm-midi-2","11":"pa_breedte-10-cm-mini-2","12":"pa_breedte-15-cm-midi-2","13":"pa_breedte-15-cm-mini-2","14":"pa_breedte-18-cm-maxi-2","15":"pa_breedte-2-x-5-cm-mini-2","16":"pa_breedte-25-cm-maxi-2","17":"pa_merk-anza","18":"pa_ondergrond-glad","19":"pa_type-roller-lakroller","20":"pa_vachtlengte-5mm","21":"pa_vachtsoort-vilt","23":"first","24":"instock","25":"shipping-taxable","26":"purchasable","27":"product-type-variable"},"_links":{"self":[{"href":"https:\/\/medv-design.org\/fr\/wp-json\/wp\/v2\/product\/610","targetHints":{"allow":["GET"]}}],"collection":[{"href":"https:\/\/medv-design.org\/fr\/wp-json\/wp\/v2\/product"}],"about":[{"href":"https:\/\/medv-design.org\/fr\/wp-json\/wp\/v2\/types\/product"}],"replies":[{"embeddable":true,"href":"https:\/\/medv-design.org\/fr\/wp-json\/wp\/v2\/comments?post=610"}],"wp:featuredmedia":[{"embeddable":true,"href":"https:\/\/medv-design.org\/fr\/wp-json\/wp\/v2\/media\/1027"}],"wp:attachment":[{"href":"https:\/\/medv-design.org\/fr\/wp-json\/wp\/v2\/media?parent=610"}],"wp:term":[{"taxonomy":"product_brand","embeddable":true,"href":"https:\/\/medv-design.org\/fr\/wp-json\/wp\/v2\/product_brand?post=610"},{"taxonomy":"product_cat","embeddable":true,"href":"https:\/\/medv-design.org\/fr\/wp-json\/wp\/v2\/product_cat?post=610"},{"taxonomy":"product_tag","embeddable":true,"href":"https:\/\/medv-design.org\/fr\/wp-json\/wp\/v2\/product_tag?post=610"}],"curies":[{"name":"wp","href":"https:\/\/api.w.org\/{rel}","templated":true}]}}