{"id":609,"date":"2025-12-08T20:00:25","date_gmt":"2025-12-08T20:00:25","guid":{"rendered":"https:\/\/medv-design.org\/product\/anza-pro-micmex\/"},"modified":"2026-02-07T15:51:26","modified_gmt":"2026-02-07T15:51:26","slug":"anza-pro-micmex","status":"publish","type":"product","link":"https:\/\/medv-design.org\/fr\/produit\/anza-pro-micmex\/","title":{"rendered":"Anza Pro Micmex"},"content":{"rendered":"<p><span style=\"font-size: 20px;\"><strong>Description<\/strong><\/span><\/p>\n<p>Adapt\u00e9 aux surfaces lisses \u00e0 moyennement lisses.                         <\/p>\n<div>\n<p>L\u2019Anza Pro Micmex convient aux surfaces lisses \u00e0 moyennement lisses. Le pelage est compos\u00e9 de polyester et de microfibre, est \u00e0 poil \u00e9lev\u00e9 (14 ou 18 mm) et poss\u00e8de une tr\u00e8s grande capacit\u00e9 d\u2019absorption et de lib\u00e9ration. Le rouleau \u00e0 peinture murale a une couverture parfaite et offre une structure mod\u00e9r\u00e9e. Il a \u00e9t\u00e9 sp\u00e9cialement d\u00e9velopp\u00e9 pour toutes les peintures de plafond et de murs.<\/p>\n<\/div>","protected":false},"excerpt":{"rendered":"<p>Omschrijving Geschikt voor gladde tot medium gladde ondergrond. Anza Pro Micmex is geschikt voor gladde tot medium gladde ondergrond. De vacht bestaat uit polyester en microvezel, is hoogpolig (14 of 18mm) en heeft een zeer grote opname- en afgiftecapaciteit. Dee muurverfrol heeft een perfecte dekking en geeft een matige structuur. Hij is speciaal ontwikkeld voor [&hellip;]<\/p>\n","protected":false},"featured_media":1026,"comment_status":"open","ping_status":"closed","template":"","meta":[],"product_brand":[86],"product_cat":[19,97],"product_tag":[],"class_list":{"0":"post-609","1":"product","2":"type-product","3":"status-publish","4":"has-post-thumbnail","6":"product_brand-anza","7":"product_cat-schildersbenodigdheden","8":"product_cat-schildersbenodigdheden-verfrollen-en-beugels","9":"pa_basis-waterbasis","10":"pa_breedte-10-cm-mini-2","11":"pa_breedte-18-cm-maxi-2","12":"pa_breedte-25-cm-maxi-2","13":"pa_merk-anza","14":"pa_ondergrond-licht-gestructureerd","15":"pa_type-roller-muurverfroller","16":"pa_vachtlengte-18-mm","17":"pa_vachtsoort-microvezel","19":"first","20":"instock","21":"shipping-taxable","22":"purchasable","23":"product-type-variable"},"_links":{"self":[{"href":"https:\/\/medv-design.org\/fr\/wp-json\/wp\/v2\/product\/609","targetHints":{"allow":["GET"]}}],"collection":[{"href":"https:\/\/medv-design.org\/fr\/wp-json\/wp\/v2\/product"}],"about":[{"href":"https:\/\/medv-design.org\/fr\/wp-json\/wp\/v2\/types\/product"}],"replies":[{"embeddable":true,"href":"https:\/\/medv-design.org\/fr\/wp-json\/wp\/v2\/comments?post=609"}],"wp:featuredmedia":[{"embeddable":true,"href":"https:\/\/medv-design.org\/fr\/wp-json\/wp\/v2\/media\/1026"}],"wp:attachment":[{"href":"https:\/\/medv-design.org\/fr\/wp-json\/wp\/v2\/media?parent=609"}],"wp:term":[{"taxonomy":"product_brand","embeddable":true,"href":"https:\/\/medv-design.org\/fr\/wp-json\/wp\/v2\/product_brand?post=609"},{"taxonomy":"product_cat","embeddable":true,"href":"https:\/\/medv-design.org\/fr\/wp-json\/wp\/v2\/product_cat?post=609"},{"taxonomy":"product_tag","embeddable":true,"href":"https:\/\/medv-design.org\/fr\/wp-json\/wp\/v2\/product_tag?post=609"}],"curies":[{"name":"wp","href":"https:\/\/api.w.org\/{rel}","templated":true}]}}