{"id":607,"date":"2025-12-08T20:00:25","date_gmt":"2025-12-08T20:00:25","guid":{"rendered":"https:\/\/medv-design.org\/product\/anza-pro-classic-allround-plat\/"},"modified":"2026-02-07T15:51:32","modified_gmt":"2026-02-07T15:51:32","slug":"anza-pro-classic-allround-plat","status":"publish","type":"product","link":"https:\/\/medv-design.org\/fr\/produit\/anza-pro-classic-allround-plat\/","title":{"rendered":"Anza Pro Classic Allround Flat"},"content":{"rendered":"<div>\n<p><span style=\"font-size: 20px;\"><strong>Description<\/strong><\/span><\/p>\n<p>Vous cherchez un pinceau polyvalent adapt\u00e9 \u00e0 toutes les surfaces et peintures ? Ensuite, le pinceau Classic Allround est un incontournable dans la valise de votre peintre. <\/p>\n<p>Gr\u00e2ce \u00e0 la composition hybride de fibres, ce pinceau se comporte bien dans tous les domaines. Ce pinceau convient aussi bien aux peintures \u00e0 base d\u2019eau qu\u2019aux peintures synth\u00e9tiques et garantit une excellente absorption et rel\u00e2chement de la peinture. <\/p>\n<p>Le buisson en acier inoxydable\/acier inoxydable \u00e0 rainure compl\u00e8te emp\u00eache l\u2019eau et\/ou la t\u00e9r\u00e9benthine de s\u2019infiltrer, tandis que le manche en h\u00eatre de haute qualit\u00e9 offre une prise fine.<\/p>\n<ul>\n<li>Peintures \u00e0 base d\u2019eau et synth\u00e9tiques<\/li>\n<li>Technologie de la fibre mise \u00e0 jour<\/li>\n<li>Haute absorption de la peinture et lib\u00e9ration r\u00e9guli\u00e8re<\/li>\n<li>Aucun probl\u00e8me d\u2019eau qui s\u2019infiltre \/ t\u00e9r\u00e9benthine<\/li>\n<li>Prise fine gr\u00e2ce \u00e0 la poign\u00e9e en bois de h\u00eatre<\/li>\n<\/ul><\/div>","protected":false},"excerpt":{"rendered":"<p>Omschrijving Zoek je een allround kwast die voor alle ondergronden en lakken geschikt is? Dan is de Classic Allround verfkwast een must-have in je schilderskoffer. Dankzij de hybride vezelsamenstelling presteert deze verfkwast goed op alle vlakken. Deze kwast is geschikt voor zowel watergedragen als synthetische lakken en garandeert een uitstekende verfopname en afgifte. De volgegoten [&hellip;]<\/p>\n","protected":false},"featured_media":1024,"comment_status":"open","ping_status":"closed","template":"","meta":[],"product_brand":[86],"product_cat":[19,98],"product_tag":[],"class_list":{"0":"post-607","1":"product","2":"type-product","3":"status-publish","4":"has-post-thumbnail","6":"product_brand-anza","7":"product_cat-schildersbenodigdheden","8":"product_cat-schildersbenodigdheden-verfborstels","9":"pa_basis-water-en-solventbasis","10":"pa_formaat-1-5-38-cm","11":"pa_formaat-1-25-cm","12":"pa_formaat-2-5-63-cm","13":"pa_formaat-2-50-cm","14":"pa_gebruik-hout-lakwerk","15":"pa_haarsoort-mixvezel","16":"pa_merk-anza","17":"pa_type-borstel-plat","19":"first","20":"instock","21":"shipping-taxable","22":"purchasable","23":"product-type-variable"},"_links":{"self":[{"href":"https:\/\/medv-design.org\/fr\/wp-json\/wp\/v2\/product\/607","targetHints":{"allow":["GET"]}}],"collection":[{"href":"https:\/\/medv-design.org\/fr\/wp-json\/wp\/v2\/product"}],"about":[{"href":"https:\/\/medv-design.org\/fr\/wp-json\/wp\/v2\/types\/product"}],"replies":[{"embeddable":true,"href":"https:\/\/medv-design.org\/fr\/wp-json\/wp\/v2\/comments?post=607"}],"wp:featuredmedia":[{"embeddable":true,"href":"https:\/\/medv-design.org\/fr\/wp-json\/wp\/v2\/media\/1024"}],"wp:attachment":[{"href":"https:\/\/medv-design.org\/fr\/wp-json\/wp\/v2\/media?parent=607"}],"wp:term":[{"taxonomy":"product_brand","embeddable":true,"href":"https:\/\/medv-design.org\/fr\/wp-json\/wp\/v2\/product_brand?post=607"},{"taxonomy":"product_cat","embeddable":true,"href":"https:\/\/medv-design.org\/fr\/wp-json\/wp\/v2\/product_cat?post=607"},{"taxonomy":"product_tag","embeddable":true,"href":"https:\/\/medv-design.org\/fr\/wp-json\/wp\/v2\/product_tag?post=607"}],"curies":[{"name":"wp","href":"https:\/\/api.w.org\/{rel}","templated":true}]}}