{"id":606,"date":"2025-12-08T20:00:24","date_gmt":"2025-12-08T20:00:24","guid":{"rendered":"https:\/\/medv-design.org\/product\/anza-pro-antex\/"},"modified":"2026-02-07T15:51:35","modified_gmt":"2026-02-07T15:51:35","slug":"anza-pro-antex","status":"publish","type":"product","link":"https:\/\/medv-design.org\/fr\/produit\/anza-pro-antex\/","title":{"rendered":"Anza Pro Antex"},"content":{"rendered":"<p><span style=\"font-size: 20px;\"><strong>Description<\/strong><\/span><\/p>\n<p>                             Adapt\u00e9 aux peintures \u00e0 base d\u2019eau et aux peintures murales sur surfaces lisses.                         <\/p>\n<div>\n<p>L\u2019Anza Pro Antex convient aux surfaces glissantes. Ce rouleau garantit un r\u00e9sultat de peinture super lisse. La fourrure est en microfibre avec une hauteur de poil de 8 mm. Le rouleau \u00e0 laque Antex est un \u00ab polyvalent \u00bb car il convient parfaitement \u00e0 tous les appr\u00eats et peintures murales, mais aussi aux produits tr\u00e8s liquides tels que l\u2019impr\u00e9gnation, la teinture pour bois, le vernis \u00e0 base d\u2019eau (parquet) et pour une couche finale parfaite dans les syst\u00e8mes de laque \u00e0 base d\u2019eau.<\/p>\n<\/p><\/div>\n<p><\/p>","protected":false},"excerpt":{"rendered":"<p>Omschrijving Geschikt voor watergedragen lakken en muurverven op gladde ondergronden. De Anza Pro Antex is geschikt voor gladde ondergronden. Deze rol zorgt voor een super glad verfresultaat. De vacht is vervaardigd uit microvezel met een poolhoogte van 8mm. De Antex lakrol is een \u201call-rounder\u201d want hij is uitermate geschikt voor alle muurprimers en -verven, maar [&hellip;]<\/p>\n","protected":false},"featured_media":1023,"comment_status":"open","ping_status":"closed","template":"","meta":[],"product_brand":[86],"product_cat":[19,97],"product_tag":[],"class_list":{"0":"post-606","1":"product","2":"type-product","3":"status-publish","4":"has-post-thumbnail","6":"product_brand-anza","7":"product_cat-schildersbenodigdheden","8":"product_cat-schildersbenodigdheden-verfrollen-en-beugels","9":"pa_basis-waterbasis","10":"pa_breedte-10-cm-mini-2","11":"pa_breedte-18-cm-maxi-2","12":"pa_breedte-2-x-5-cm-mini-2","13":"pa_breedte-25-cm-maxi-2","14":"pa_merk-anza","15":"pa_ondergrond-glad","16":"pa_type-roller-muurverfroller","17":"pa_vachtlengte-8mm","18":"pa_vachtsoort-microvezel","20":"first","21":"instock","22":"shipping-taxable","23":"purchasable","24":"product-type-variable"},"_links":{"self":[{"href":"https:\/\/medv-design.org\/fr\/wp-json\/wp\/v2\/product\/606","targetHints":{"allow":["GET"]}}],"collection":[{"href":"https:\/\/medv-design.org\/fr\/wp-json\/wp\/v2\/product"}],"about":[{"href":"https:\/\/medv-design.org\/fr\/wp-json\/wp\/v2\/types\/product"}],"replies":[{"embeddable":true,"href":"https:\/\/medv-design.org\/fr\/wp-json\/wp\/v2\/comments?post=606"}],"wp:featuredmedia":[{"embeddable":true,"href":"https:\/\/medv-design.org\/fr\/wp-json\/wp\/v2\/media\/1023"}],"wp:attachment":[{"href":"https:\/\/medv-design.org\/fr\/wp-json\/wp\/v2\/media?parent=606"}],"wp:term":[{"taxonomy":"product_brand","embeddable":true,"href":"https:\/\/medv-design.org\/fr\/wp-json\/wp\/v2\/product_brand?post=606"},{"taxonomy":"product_cat","embeddable":true,"href":"https:\/\/medv-design.org\/fr\/wp-json\/wp\/v2\/product_cat?post=606"},{"taxonomy":"product_tag","embeddable":true,"href":"https:\/\/medv-design.org\/fr\/wp-json\/wp\/v2\/product_tag?post=606"}],"curies":[{"name":"wp","href":"https:\/\/api.w.org\/{rel}","templated":true}]}}