{"id":604,"date":"2025-12-08T20:00:24","date_gmt":"2025-12-08T20:00:24","guid":{"rendered":"https:\/\/medv-design.org\/product\/aguaplast-universal-pro\/"},"modified":"2026-02-07T15:51:41","modified_gmt":"2026-02-07T15:51:41","slug":"aguaplast-universal-pro","status":"publish","type":"product","link":"https:\/\/medv-design.org\/fr\/produit\/aguaplast-universal-pro\/","title":{"rendered":"Aguaplast Universal Pro"},"content":{"rendered":"<h3>Pourquoi choisir Aguaplast Universal Pro ?<\/h3>\n<p>De <strong>Aguaplast Universal Pro<\/strong> est polyvalent <strong>Remplissage et produit de comblement pour joints<\/strong> sous forme de poudre. Vous pouvez remplir des trous jusqu\u2019\u00e0 50 mm, finir les joints et lisser les plaques de pl\u00e2tre. Gr\u00e2ce \u00e0 une finition fine et lisse et un r\u00e9tr\u00e9cissement minimal, ce produit est id\u00e9al pour un r\u00e9sultat lisse et durable.<\/p>\n<p><strong>Principaux avantages<\/strong><\/p>\n<ul>\n<li> <strong>Universellement applicable<\/strong>: remplissage, nivellage, raccordement et lissage<\/li>\n<li> <strong>Adapt\u00e9 aux grandes profondeurs<\/strong> Jusqu\u2019\u00e0 50 mm<\/li>\n<li> <strong>Retrait minimal, sans fissures<\/strong><\/li>\n<li> <strong>Surface lisse et peu absorbante<\/strong>: amorce g\u00e9n\u00e9ralement pas n\u00e9cessaire<\/li>\n<li> <strong>Adh\u00e8re \u00e9galement aux surfaces peintes<\/strong> (pas de peintures hydrosolubles)<\/li>\n<li> <strong>S\u00e9chage rapide et application humide sur humidit\u00e9<\/strong><\/li>\n<li> <strong>Facile \u00e0 poncer et facile \u00e0 m\u00e9langer<\/strong><\/li>\n<\/ul>\n<p>\ud83d\udc49 Ordre <strong>Aguaplast Universal Pro<\/strong> Paintstore.be et b\u00e9n\u00e9ficie d\u2019une masticle \u00e0 poudre universelle avec des performances professionnelles.<\/p>\n<hr>\n<details>\n<summary><span style=\"font-size: 18px;\">Plus d'informations<\/span><\/summary>\n<section>\n<h3>O\u00f9 utiliser Aguaplast Universal Pro ?<\/h3>\n<ul>\n<li> <strong>Remplissage des trous<\/strong>: jusqu\u2019\u00e0 50 mm de profondeur, sans fissures<\/li>\n<li> <strong>Produit de comblement et finisseur pour joints<\/strong>: pour le placopl\u00e2tre et le panneau de fibres<\/li>\n<li> <strong>Plus lisse<\/strong>: pour les murs et plafonds, pr\u00eat pour la peinture ou le papier peint<\/li>\n<li> <strong>Adh\u00e9rence sur des substrats difficiles<\/strong>: comme du papier peint en fibre de verre ou de vieilles couches de peinture<\/li>\n<li> <strong>Nivellement de b\u00e9ton, briques, pl\u00e2tre et panneaux de ciment<\/strong><\/li>\n<\/ul>\n<hr>\n<h3>Comment utiliser Aguaplast Universal Pro ?<\/h3>\n<ol>\n<li> M\u00e9langez 2,5 parts de poudre avec 1 part d\u2019eau jusqu\u2019\u00e0 ce que ce soit sans grume.<\/li>\n<li> Traitez le m\u00e9lange imm\u00e9diatement (temps de traitement \u00b1 1 heure).<\/li>\n<li> Appliquez avec un couteau \u00e0 mastic, une truelle ou une truelle.<\/li>\n<li> Appliquez des couches \u00e9paisses (jusqu\u2019\u00e0 50 mm) en plusieurs fourn\u00e9sions si n\u00e9cessaire.<\/li>\n<li> Temps de s\u00e9chage : \u00b1 1 heure par mm, compl\u00e8tement sec apr\u00e8s environ 24 heures.<\/li>\n<li> On peut le repeindre apr\u00e8s un s\u00e9chage complet.<\/li>\n<\/ol>\n<hr>\n<h3>Informations techniques<\/h3>\n<ul>\n<li> <strong>Couleur<\/strong>: blanc<\/li>\n<li> <strong>Forme<\/strong>: poudre fine<\/li>\n<li> <strong>\u00c9paisseur maximale de la couche<\/strong>: 50 mm<\/li>\n<li> <strong>Ratio de m\u00e9lange<\/strong>: 2,5 parts de poudre \u2013 1 part d\u2019eau<\/li>\n<li> <strong>Temps de traitement<\/strong>: environ 1 heure<\/li>\n<li> <strong>Temps de s\u00e9chage<\/strong>: 1 heure par mm, compl\u00e8tement sec apr\u00e8s environ 24 heures<\/li>\n<li> <strong>Consommation<\/strong>: 1 kg\/m\u00b2 par mm d\u2019\u00e9paisseur de couche<\/li>\n<li> <strong>Emballage<\/strong>: sac 5 kg, sac 20 kg, seau 8 kg<\/li>\n<li> <strong>Classification<\/strong>: EN 13963 &amp; EN 16566<\/li>\n<\/ul>\n<hr>\n<h3>Questions fr\u00e9quemment pos\u00e9es<\/h3>\n<p><strong>Puis-je utiliser Aguaplast Universal Pro sur des plaques de placopl\u00e2tre ?<\/strong><br \/> Oui, \u00e0 la fois comme produit de comblement pour articulations, finition et pour lissage.<\/p>\n<p><strong>Ce produit convient-il aux pi\u00e8ces humides ?<\/strong><br \/> Non, cela ne s\u2019applique qu\u2019aux situations s\u00e8ches \u00e0 l\u2019int\u00e9rieur.<\/p>\n<p><strong>Dois-je toujours utiliser un appr\u00eat avant de peindre ?<\/strong><br \/> Pas toujours, en raison de la faible absorption, la peinture peut souvent \u00eatre r\u00e9alis\u00e9e imm\u00e9diatement.<\/p>\n<hr>\n<h3>Pourquoi acheter chez Paintstore.be ?<\/h3>\n<ul>\n<li> P\u00e2te polyvalente universelle \u00e0 poudre<\/li>\n<li> Adapt\u00e9 aux trous, assemblages et finitions lisses<\/li>\n<li> Livraison rapide et prix comp\u00e9titifs<\/li>\n<li> Livraison gratuite \u00e0 partir de 75 \u20ac<\/li>\n<\/ul>\n<p>\ud83d\udc49 Commandez maintenant <strong>Aguaplast Universal Pro<\/strong> Et finissez vos murs et plafonds professionnellement.<\/p>\n<\/section>\n<\/details>\n<p><strong>Fiche technique<\/strong><br \/><a href=\"https:\/\/paintstore.be\/wp-content\/uploads\/2025\/09\/AGUAPLAST-Universal-Pro-technische-fiche.pdf\" target=\"_blank\" rel=\"noopener\"> Cliquez ici pour voir le <span \"=\"\">Cliquez ici pour t\u00e9l\u00e9charger la fiche technique d\u2019Aguaplast Universal Pro<\/span><\/a><\/p>","protected":false},"excerpt":{"rendered":"<p>Waarom kiezen voor Aguaplast Universal Pro? De Aguaplast Universal Pro is een veelzijdige plamuur en voegenvuller in poedervorm. Je kunt er gaten tot 50 mm mee vullen, voegen afwerken en gipsplaten gladmaken. Dankzij de fijne, gladde afwerking en de minimale krimp is dit product ideaal voor een strak en duurzaam resultaat. Belangrijkste voordelen Universeel inzetbaar: [&hellip;]<\/p>\n","protected":false},"featured_media":1044,"comment_status":"open","ping_status":"closed","template":"","meta":[],"product_brand":[85],"product_cat":[94,19],"product_tag":[],"class_list":{"0":"post-604","1":"product","2":"type-product","3":"status-publish","4":"has-post-thumbnail","6":"product_brand-aguaplast","7":"product_cat-schildersbenodigdheden-plamuur-vulmiddelen","8":"product_cat-schildersbenodigdheden","9":"pa_binnen-buiten-binnen","10":"pa_diepte-reparatie-per-laag-tot-50-mm","11":"pa_eigenschappen-overschilderbaar","12":"pa_inhoud-5-kg","13":"pa_merk-aguaplast","14":"pa_ondergrond-oude-verflagen","15":"pa_overschilderbaar-vanaf-24-u","16":"pa_samenstelling-1-component","18":"first","19":"instock","20":"shipping-taxable","21":"purchasable","22":"product-type-variable"},"_links":{"self":[{"href":"https:\/\/medv-design.org\/fr\/wp-json\/wp\/v2\/product\/604","targetHints":{"allow":["GET"]}}],"collection":[{"href":"https:\/\/medv-design.org\/fr\/wp-json\/wp\/v2\/product"}],"about":[{"href":"https:\/\/medv-design.org\/fr\/wp-json\/wp\/v2\/types\/product"}],"replies":[{"embeddable":true,"href":"https:\/\/medv-design.org\/fr\/wp-json\/wp\/v2\/comments?post=604"}],"wp:featuredmedia":[{"embeddable":true,"href":"https:\/\/medv-design.org\/fr\/wp-json\/wp\/v2\/media\/1044"}],"wp:attachment":[{"href":"https:\/\/medv-design.org\/fr\/wp-json\/wp\/v2\/media?parent=604"}],"wp:term":[{"taxonomy":"product_brand","embeddable":true,"href":"https:\/\/medv-design.org\/fr\/wp-json\/wp\/v2\/product_brand?post=604"},{"taxonomy":"product_cat","embeddable":true,"href":"https:\/\/medv-design.org\/fr\/wp-json\/wp\/v2\/product_cat?post=604"},{"taxonomy":"product_tag","embeddable":true,"href":"https:\/\/medv-design.org\/fr\/wp-json\/wp\/v2\/product_tag?post=604"}],"curies":[{"name":"wp","href":"https:\/\/api.w.org\/{rel}","templated":true}]}}