{"id":602,"date":"2025-12-08T20:00:24","date_gmt":"2025-12-08T20:00:24","guid":{"rendered":"https:\/\/medv-design.org\/product\/3m-masking-tape-paars\/"},"modified":"2026-02-07T15:51:47","modified_gmt":"2026-02-07T15:51:47","slug":"3m-masking-tape-paars","status":"publish","type":"product","link":"https:\/\/medv-design.org\/fr\/produit\/3m-masking-tape-paars\/","title":{"rendered":"Ruban de masquage 3M violet"},"content":{"rendered":"<h3>Description<\/h3>\n<p>Le ruban de masquage Scotch 2071 violet de 3M est un ruban polyvalent qui peut \u00eatre utilis\u00e9 sur des surfaces d\u00e9licates telles que le papier peint ou les murs fra\u00eechement peints. Le ruban peut \u00eatre utilis\u00e9 avec des peintures \u00e0 base d'eau et de t\u00e9r\u00e9benthine. Avec le 3M Scotch Masking Tape 2071 Purple, vous pouvez cr\u00e9er des lignes pr\u00e9cises et serr\u00e9es, m\u00eame sur des surfaces fragiles ou fra\u00eechement peintes (apr\u00e8s 24 heures), sans qu'elles ne coulent. Le ruban s'enl\u00e8ve facilement et ne laisse aucun r\u00e9sidu (jusqu'\u00e0 60 jours apr\u00e8s l'application). <\/p>\n<p><span style=\"font-size: 20px;\"><strong>Principales caract\u00e9ristiques<br \/><\/strong><\/span><\/p>\n<ul>\n<li>Lignes droites<\/li>\n<li>Ne laisse pas de r\u00e9sidus de colle<\/li>\n<li>R\u00e9sistant aux UV<\/li>\n<li>50m\/rouleau<\/li>\n<\/ul>","protected":false},"excerpt":{"rendered":"<p>Omschrijving 3M Scotch Afplaktape 2071 Paars is een veelzijdige tape welke gebruikt kan worden op kwetsbare oppervlakken zoals behang of net geverfde muren. De tape kan gebruikt worden met verf op water- en terpentinebasis. Met de 3M Scotch Afplaktape 2071 Paars kun je nauwkeurige en strakke lijnen cre\u00ebren, zelfs op kwetsbare of net geverfde oppervlakken [&hellip;]<\/p>\n","protected":false},"featured_media":867,"comment_status":"open","ping_status":"closed","template":"","meta":[],"product_brand":[84],"product_cat":[93,19],"product_tag":[],"class_list":{"0":"post-602","1":"product","2":"type-product","3":"status-publish","4":"has-post-thumbnail","6":"product_brand-3m","7":"product_cat-schildersbenodigdheden-masking-tape","8":"product_cat-schildersbenodigdheden","9":"pa_binnen-buiten-binnen","10":"pa_eigenschappen-uv-bestendig","11":"pa_formaat-18mm","12":"pa_formaat-24mm","13":"pa_formaat-36mm","14":"pa_merk-3m","15":"pa_ondergrond-kwetsbaar","16":"pa_upc-588","18":"first","19":"instock","20":"shipping-taxable","21":"purchasable","22":"product-type-variable"},"_links":{"self":[{"href":"https:\/\/medv-design.org\/fr\/wp-json\/wp\/v2\/product\/602","targetHints":{"allow":["GET"]}}],"collection":[{"href":"https:\/\/medv-design.org\/fr\/wp-json\/wp\/v2\/product"}],"about":[{"href":"https:\/\/medv-design.org\/fr\/wp-json\/wp\/v2\/types\/product"}],"replies":[{"embeddable":true,"href":"https:\/\/medv-design.org\/fr\/wp-json\/wp\/v2\/comments?post=602"}],"wp:featuredmedia":[{"embeddable":true,"href":"https:\/\/medv-design.org\/fr\/wp-json\/wp\/v2\/media\/867"}],"wp:attachment":[{"href":"https:\/\/medv-design.org\/fr\/wp-json\/wp\/v2\/media?parent=602"}],"wp:term":[{"taxonomy":"product_brand","embeddable":true,"href":"https:\/\/medv-design.org\/fr\/wp-json\/wp\/v2\/product_brand?post=602"},{"taxonomy":"product_cat","embeddable":true,"href":"https:\/\/medv-design.org\/fr\/wp-json\/wp\/v2\/product_cat?post=602"},{"taxonomy":"product_tag","embeddable":true,"href":"https:\/\/medv-design.org\/fr\/wp-json\/wp\/v2\/product_tag?post=602"}],"curies":[{"name":"wp","href":"https:\/\/api.w.org\/{rel}","templated":true}]}}