{"id":601,"date":"2025-12-08T20:00:24","date_gmt":"2025-12-08T20:00:24","guid":{"rendered":"https:\/\/medv-design.org\/product\/3m-masking-tape-groen\/"},"modified":"2026-02-07T15:51:50","modified_gmt":"2026-02-07T15:51:50","slug":"3m-masking-tape-groen","status":"publish","type":"product","link":"https:\/\/medv-design.org\/fr\/produit\/3m-masking-tape-groen\/","title":{"rendered":"3M Masking Tape Green"},"content":{"rendered":"<h3>Description <\/h3>\n<p>Notre ruban de masquage est con\u00e7u pour un usage professionnel \u00e0 l'int\u00e9rieur et \u00e0 l'ext\u00e9rieur. Il est id\u00e9al pour les surfaces difficiles \u00e0 encoller, telles que le b\u00e9ton et le bois brut, et peut \u00eatre retir\u00e9 jusqu'\u00e0 trois jours apr\u00e8s son application sans laisser de r\u00e9sidus.<\/p>\n<h3>Principales caract\u00e9ristiques<\/h3>\n<ul>\n<li>Id\u00e9al pour les surfaces rugueuses<\/li>\n<li>Trois jours sans \u00e9limination des r\u00e9sidus<\/li>\n<li>R\u00e9sistant aux UV et \u00e0 l'eau<\/li>\n<li>50m\/rouleau<\/li>\n<\/ul>","protected":false},"excerpt":{"rendered":"<p>Omschrijving Onze maskeertape is ontworpen voor professioneel gebruik binnen en buiten. Hij is ideaal voor gebruik op moeilijk te beplakken oppervlakken zoals beton en ruw hout en laat zich tot drie dagen na aanbrengen verwijderen zonder resten achter te laten. Voornaamste kenmerken Ideaal voor ruwe oppervlakken Drie dagen lang zonder resten te verwijderen UV- en [&hellip;]<\/p>\n","protected":false},"featured_media":857,"comment_status":"open","ping_status":"closed","template":"","meta":[],"product_brand":[84],"product_cat":[93,19],"product_tag":[],"class_list":{"0":"post-601","1":"product","2":"type-product","3":"status-publish","4":"has-post-thumbnail","6":"product_brand-3m","7":"product_cat-schildersbenodigdheden-masking-tape","8":"product_cat-schildersbenodigdheden","9":"pa_binnen-buiten-buiten","10":"pa_eigenschappen-waterbestendig","11":"pa_formaat-18mm","12":"pa_formaat-24mm","13":"pa_formaat-36mm","14":"pa_merk-3m","15":"pa_ondergrond-oneffen","16":"pa_upc-594","18":"first","19":"instock","20":"shipping-taxable","21":"purchasable","22":"product-type-variable"},"_links":{"self":[{"href":"https:\/\/medv-design.org\/fr\/wp-json\/wp\/v2\/product\/601","targetHints":{"allow":["GET"]}}],"collection":[{"href":"https:\/\/medv-design.org\/fr\/wp-json\/wp\/v2\/product"}],"about":[{"href":"https:\/\/medv-design.org\/fr\/wp-json\/wp\/v2\/types\/product"}],"replies":[{"embeddable":true,"href":"https:\/\/medv-design.org\/fr\/wp-json\/wp\/v2\/comments?post=601"}],"wp:featuredmedia":[{"embeddable":true,"href":"https:\/\/medv-design.org\/fr\/wp-json\/wp\/v2\/media\/857"}],"wp:attachment":[{"href":"https:\/\/medv-design.org\/fr\/wp-json\/wp\/v2\/media?parent=601"}],"wp:term":[{"taxonomy":"product_brand","embeddable":true,"href":"https:\/\/medv-design.org\/fr\/wp-json\/wp\/v2\/product_brand?post=601"},{"taxonomy":"product_cat","embeddable":true,"href":"https:\/\/medv-design.org\/fr\/wp-json\/wp\/v2\/product_cat?post=601"},{"taxonomy":"product_tag","embeddable":true,"href":"https:\/\/medv-design.org\/fr\/wp-json\/wp\/v2\/product_tag?post=601"}],"curies":[{"name":"wp","href":"https:\/\/api.w.org\/{rel}","templated":true}]}}