{"id":600,"date":"2025-12-08T20:00:24","date_gmt":"2025-12-08T20:00:24","guid":{"rendered":"https:\/\/medv-design.org\/product\/3m-masking-tape-goud\/"},"modified":"2026-02-07T15:51:53","modified_gmt":"2026-02-07T15:51:53","slug":"3m-masking-tape-goud","status":"publish","type":"product","link":"https:\/\/medv-design.org\/fr\/produit\/3m-masking-tape-goud\/","title":{"rendered":"Ruban de masque 3M Or"},"content":{"rendered":"<h3><span style=\"font-size: 20px;\">Description<\/span><\/h3>\n<p>Obtenez des lignes de peinture pr\u00e9cises et nettes lors du masquage des surfaces int\u00e9rieures et ext\u00e9rieures ainsi que lors de l\u2019utilisation de peintures \u00e0 base d\u2019eau et de solvant avec le ruban masquant professionnel 3M\u2122 244.<\/p>\n<p><span style=\"font-size: 20px;\"><strong>Principales caract\u00e9ristiques<\/strong><\/span> <\/p>\n<ul>\n<li>Polyvalent, convient \u00e0 tous les types de surfaces<\/li>\n<li>Assurer des lignes de peinture particuli\u00e8rement serr\u00e9es<\/li>\n<li>Amovible pendant 150 jours sans r\u00e9sidus<\/li>\n<li>Pas de fuite de peinture sur la plupart des surfaces et des applications<\/li>\n<li>R\u00e9sistant aux UV et \u00e0 l'eau<\/li>\n<li>Peut \u00eatre utilis\u00e9 avec des peintures \u00e0 base d'eau et de solvants<\/li>\n<li>Convient pour une utilisation \u00e0 l'int\u00e9rieur et \u00e0 l'ext\u00e9rieur<\/li>\n<li>50m\/rouleau<\/li>\n<\/ul>","protected":false},"excerpt":{"rendered":"<p>Omschrijving Realiseer nauwkeurige en strakke verflijnen bij het afplakken van binnen- en buitenoppervlakken en bij gebruik van verf op water- en oplosmiddelbasis met 3M\u2122 Professionele maskeertape 244. Voornaamste kenmerken Veelzijdig, geschikt voor op allerlei oppervlakken Zorgt voor bijzonder strakke verflijnen 150 dagen lang verwijderbaar zonder resten Geen doorlekken van verf bij de meeste oppervlakken en [&hellip;]<\/p>\n","protected":false},"featured_media":924,"comment_status":"open","ping_status":"closed","template":"","meta":[],"product_brand":[84],"product_cat":[93,19],"product_tag":[],"class_list":{"0":"post-600","1":"product","2":"type-product","3":"status-publish","4":"has-post-thumbnail","6":"product_brand-3m","7":"product_cat-schildersbenodigdheden-masking-tape","8":"product_cat-schildersbenodigdheden","9":"pa_binnen-buiten-binnen","10":"pa_dikte-18mm","11":"pa_dikte-24mm","12":"pa_dikte-36mm","13":"pa_eigenschappen-waterbestendig","14":"pa_merk-3m","15":"pa_ondergrond-universeel","16":"pa_upc-587","18":"first","19":"instock","20":"shipping-taxable","21":"purchasable","22":"product-type-variable"},"_links":{"self":[{"href":"https:\/\/medv-design.org\/fr\/wp-json\/wp\/v2\/product\/600","targetHints":{"allow":["GET"]}}],"collection":[{"href":"https:\/\/medv-design.org\/fr\/wp-json\/wp\/v2\/product"}],"about":[{"href":"https:\/\/medv-design.org\/fr\/wp-json\/wp\/v2\/types\/product"}],"replies":[{"embeddable":true,"href":"https:\/\/medv-design.org\/fr\/wp-json\/wp\/v2\/comments?post=600"}],"wp:featuredmedia":[{"embeddable":true,"href":"https:\/\/medv-design.org\/fr\/wp-json\/wp\/v2\/media\/924"}],"wp:attachment":[{"href":"https:\/\/medv-design.org\/fr\/wp-json\/wp\/v2\/media?parent=600"}],"wp:term":[{"taxonomy":"product_brand","embeddable":true,"href":"https:\/\/medv-design.org\/fr\/wp-json\/wp\/v2\/product_brand?post=600"},{"taxonomy":"product_cat","embeddable":true,"href":"https:\/\/medv-design.org\/fr\/wp-json\/wp\/v2\/product_cat?post=600"},{"taxonomy":"product_tag","embeddable":true,"href":"https:\/\/medv-design.org\/fr\/wp-json\/wp\/v2\/product_tag?post=600"}],"curies":[{"name":"wp","href":"https:\/\/api.w.org\/{rel}","templated":true}]}}