{"id":599,"date":"2025-12-08T20:00:23","date_gmt":"2025-12-08T20:00:23","guid":{"rendered":"https:\/\/medv-design.org\/product\/3m-masking-tape-blauw\/"},"modified":"2026-02-07T15:51:56","modified_gmt":"2026-02-07T15:51:56","slug":"3m-masking-tape-blauw","status":"publish","type":"product","link":"https:\/\/medv-design.org\/fr\/produit\/3m-masking-tape-blauw\/","title":{"rendered":"3M Masking Tape Blue"},"content":{"rendered":"<p><span style=\"font-size: 20px;\"><strong>Description<\/strong><\/span><\/p>\n<p>Le 3M Scotch Masking Tape 2090 Blue est un ruban polyvalent qui peut \u00eatre utilis\u00e9 sur diff\u00e9rentes surfaces. Avec ce ruban, vous cr\u00e9ez des lignes nettes sur les surfaces int\u00e9rieures et ext\u00e9rieures. Le ruban est r\u00e9sistant aux UV et \u00e0 l\u2019eau, et adh\u00e8re \u00e0 la plupart des surfaces sans fuite. Le 3M Scotch Masking Tape 2090 Blue est facile et propre \u00e0 retirer jusqu\u2019\u00e0 14 jours apr\u00e8s application. <\/p>\n<p><strong><span style=\"font-size: 20px;\">Principales caract\u00e9ristiques<\/span><\/strong><span style=\"font-size: 20px;\"><\/span><\/p>\n<ul>\n<li>Lignes de peinture serr\u00e9es<\/li>\n<li>Nettoyer pour enlever jusqu'\u00e0 14 jours apr\u00e8s l'application<\/li>\n<li>R\u00e9sistant aux UV et \u00e0 l'eau<\/li>\n<li>50m\/rouleau<\/li>\n<\/ul>","protected":false},"excerpt":{"rendered":"<p>Omschrijving 3M Scotch Afplaktape 2090 Blauw is een veelzijdige tape welke gebruikt kan worden op diverse oppervlakken. Met deze tape cre\u00eber je strakke lijnen op zowel binnen- als buitenoppervlakken. De tape is UV- en waterbestendig en hecht op de meeste oppervlakken zonder doorlekken. De 3M Scotch Afplaktape 2090 Blauw is makkelijk en schoon te verwijderen [&hellip;]<\/p>\n","protected":false},"featured_media":887,"comment_status":"open","ping_status":"closed","template":"","meta":[],"product_brand":[84],"product_cat":[93,19],"product_tag":[],"class_list":{"0":"post-599","1":"product","2":"type-product","3":"status-publish","4":"has-post-thumbnail","6":"product_brand-3m","7":"product_cat-schildersbenodigdheden-masking-tape","8":"product_cat-schildersbenodigdheden","9":"pa_binnen-buiten-binnen","10":"pa_dikte-18mm","11":"pa_dikte-24mm","12":"pa_eigenschappen-waterbestendig","13":"pa_merk-3m","14":"pa_upc-587","16":"first","17":"instock","18":"shipping-taxable","19":"purchasable","20":"product-type-variable"},"_links":{"self":[{"href":"https:\/\/medv-design.org\/fr\/wp-json\/wp\/v2\/product\/599","targetHints":{"allow":["GET"]}}],"collection":[{"href":"https:\/\/medv-design.org\/fr\/wp-json\/wp\/v2\/product"}],"about":[{"href":"https:\/\/medv-design.org\/fr\/wp-json\/wp\/v2\/types\/product"}],"replies":[{"embeddable":true,"href":"https:\/\/medv-design.org\/fr\/wp-json\/wp\/v2\/comments?post=599"}],"wp:featuredmedia":[{"embeddable":true,"href":"https:\/\/medv-design.org\/fr\/wp-json\/wp\/v2\/media\/887"}],"wp:attachment":[{"href":"https:\/\/medv-design.org\/fr\/wp-json\/wp\/v2\/media?parent=599"}],"wp:term":[{"taxonomy":"product_brand","embeddable":true,"href":"https:\/\/medv-design.org\/fr\/wp-json\/wp\/v2\/product_brand?post=599"},{"taxonomy":"product_cat","embeddable":true,"href":"https:\/\/medv-design.org\/fr\/wp-json\/wp\/v2\/product_cat?post=599"},{"taxonomy":"product_tag","embeddable":true,"href":"https:\/\/medv-design.org\/fr\/wp-json\/wp\/v2\/product_tag?post=599"}],"curies":[{"name":"wp","href":"https:\/\/api.w.org\/{rel}","templated":true}]}}