{"id":2256,"date":"2026-03-31T08:48:59","date_gmt":"2026-03-31T08:48:59","guid":{"rendered":"https:\/\/medv-design.org\/?page_id=2256"},"modified":"2026-03-31T10:13:54","modified_gmt":"2026-03-31T10:13:54","slug":"kleuren","status":"publish","type":"page","link":"https:\/\/medv-design.org\/fr\/kleuren\/","title":{"rendered":"Couleurs"},"content":{"rendered":"<div data-elementor-type=\"wp-page\" data-elementor-id=\"2256\" class=\"elementor elementor-2256\" data-elementor-post-type=\"page\">\n\t\t\t\t<div class=\"elementor-element elementor-element-afb7f16 e-flex e-con-boxed e-con e-parent\" data-id=\"afb7f16\" data-element_type=\"container\" data-e-type=\"container\">\n\t\t\t\t\t<div class=\"e-con-inner\">\n\t\t<div class=\"elementor-element elementor-element-811226a e-con-full e-flex e-con e-child\" data-id=\"811226a\" data-element_type=\"container\" data-e-type=\"container\">\n\t\t\t\t<div class=\"elementor-element elementor-element-c06bf92 elementor-widget elementor-widget-text-editor\" data-id=\"c06bf92\" data-element_type=\"widget\" data-e-type=\"widget\" data-widget_type=\"text-editor.default\">\n\t\t\t\t\t\t\t\t\t<h3>Vous recherchez une couleur sp\u00e9cifique ?<\/h3>\nVous trouverez ci-dessous les nuanciers les plus couramment utilis\u00e9s. Vous connaissez le code couleur de votre peinture ? Il vous suffit alors de l'indiquer lors du choix de votre peinture. Saviez-vous qu'il est possible de r\u00e9aliser \u00e0 peu pr\u00e8s n'importe quelle couleur avec nos peintures. Vous pouvez donc r\u00e9aliser une collection de couleurs Sikkens, Boss, Trimetal, Levis et bien d'autres avec la peinture Sigma. N'h\u00e9sitez pas \u00e0 nous contacter en cas de doute !\t\t\t\t\t\t\t\t<\/div>\n\t\t\t\t<div class=\"elementor-element elementor-element-c831965 elementor-align-center elementor-widget elementor-widget-button\" data-id=\"c831965\" data-element_type=\"widget\" data-e-type=\"widget\" data-widget_type=\"button.default\">\n\t\t\t\t\t\t\t\t\t\t<a class=\"elementor-button elementor-button-link elementor-size-sm\" href=\"#\">\n\t\t\t\t\t\t<span class=\"elementor-button-content-wrapper\">\n\t\t\t\t\t\t\t\t\t<span class=\"elementor-button-text\">Voir les filtres couleur<\/span>\n\t\t\t\t\t<\/span>\n\t\t\t\t\t<\/a>\n\t\t\t\t\t\t\t\t<\/div>\n\t\t\t\t<\/div>\n\t\t<div class=\"elementor-element elementor-element-ce00c52 e-con-full e-flex e-con e-child\" data-id=\"ce00c52\" data-element_type=\"container\" data-e-type=\"container\">\n\t\t\t\t<div class=\"elementor-element elementor-element-bd9cdf8 elementor-widget elementor-widget-image\" data-id=\"bd9cdf8\" data-element_type=\"widget\" data-e-type=\"widget\" data-widget_type=\"image.default\">\n\t\t\t\t\t\t\t\t\t\t\t\t\t\t\t<img fetchpriority=\"high\" decoding=\"async\" width=\"1024\" height=\"571\" src=\"https:\/\/medv-design.org\/wp-content\/uploads\/2026\/03\/2026-03-31-11.01.57-1024x571.jpg\" class=\"attachment-large size-large wp-image-3746\" alt=\"\" srcset=\"https:\/\/medv-design.org\/wp-content\/uploads\/2026\/03\/2026-03-31-11.01.57-1024x571.jpg 1024w, https:\/\/medv-design.org\/wp-content\/uploads\/2026\/03\/2026-03-31-11.01.57-300x167.jpg 300w, https:\/\/medv-design.org\/wp-content\/uploads\/2026\/03\/2026-03-31-11.01.57-500x279.jpg 500w, https:\/\/medv-design.org\/wp-content\/uploads\/2026\/03\/2026-03-31-11.01.57-768x428.jpg 768w, https:\/\/medv-design.org\/wp-content\/uploads\/2026\/03\/2026-03-31-11.01.57.jpg 1280w\" sizes=\"(max-width: 1024px) 100vw, 1024px\" \/>\t\t\t\t\t\t\t\t\t\t\t\t\t\t\t<\/div>\n\t\t\t\t<\/div>\n\t\t\t\t\t<\/div>\n\t\t\t\t<\/div>\n\t\t<div class=\"elementor-element elementor-element-32130f6 e-flex e-con-boxed e-con e-parent\" data-id=\"32130f6\" data-element_type=\"container\" data-e-type=\"container\">\n\t\t\t\t\t<div class=\"e-con-inner\">\n\t\t<div class=\"elementor-element elementor-element-680395e e-con-full e-flex e-con e-child\" data-id=\"680395e\" data-element_type=\"container\" data-e-type=\"container\">\n\t\t\t\t<div class=\"elementor-element elementor-element-3581137 e-transform elementor-widget elementor-widget-image\" data-id=\"3581137\" data-element_type=\"widget\" data-e-type=\"widget\" data-settings=\"{&quot;_transform_scale_effect_hover&quot;:{&quot;unit&quot;:&quot;px&quot;,&quot;size&quot;:1.1,&quot;sizes&quot;:[]},&quot;_transform_scale_effect_hover_tablet&quot;:{&quot;unit&quot;:&quot;px&quot;,&quot;size&quot;:&quot;&quot;,&quot;sizes&quot;:[]},&quot;_transform_scale_effect_hover_mobile&quot;:{&quot;unit&quot;:&quot;px&quot;,&quot;size&quot;:&quot;&quot;,&quot;sizes&quot;:[]}}\" data-widget_type=\"image.default\">\n\t\t\t\t\t\t\t\t\t\t\t\t\t\t\t\t<a href=\"https:\/\/medv-design.org\/fr\/sigma-coatings-kleuren\/\">\n\t\t\t\t\t\t\t<img decoding=\"async\" width=\"1024\" height=\"834\" src=\"https:\/\/medv-design.org\/wp-content\/uploads\/2026\/03\/Ral-Kleuren-1024x834.jpg\" class=\"attachment-large size-large wp-image-3786\" alt=\"\" srcset=\"https:\/\/medv-design.org\/wp-content\/uploads\/2026\/03\/Ral-Kleuren-1024x834.jpg 1024w, https:\/\/medv-design.org\/wp-content\/uploads\/2026\/03\/Ral-Kleuren-300x244.jpg 300w, https:\/\/medv-design.org\/wp-content\/uploads\/2026\/03\/Ral-Kleuren-500x407.jpg 500w, https:\/\/medv-design.org\/wp-content\/uploads\/2026\/03\/Ral-Kleuren-768x625.jpg 768w, https:\/\/medv-design.org\/wp-content\/uploads\/2026\/03\/Ral-Kleuren.jpg 1056w\" sizes=\"(max-width: 1024px) 100vw, 1024px\" \/>\t\t\t\t\t\t\t\t<\/a>\n\t\t\t\t\t\t\t\t\t\t\t\t\t\t\t<\/div>\n\t\t\t\t<\/div>\n\t\t<div class=\"elementor-element elementor-element-9469dac e-con-full e-flex e-con e-child\" data-id=\"9469dac\" data-element_type=\"container\" data-e-type=\"container\">\n\t\t\t\t<div class=\"elementor-element elementor-element-242e6e6 e-transform elementor-widget elementor-widget-image\" data-id=\"242e6e6\" data-element_type=\"widget\" data-e-type=\"widget\" data-settings=\"{&quot;_transform_scale_effect_hover&quot;:{&quot;unit&quot;:&quot;px&quot;,&quot;size&quot;:1.1,&quot;sizes&quot;:[]},&quot;_transform_scale_effect_hover_tablet&quot;:{&quot;unit&quot;:&quot;px&quot;,&quot;size&quot;:&quot;&quot;,&quot;sizes&quot;:[]},&quot;_transform_scale_effect_hover_mobile&quot;:{&quot;unit&quot;:&quot;px&quot;,&quot;size&quot;:&quot;&quot;,&quot;sizes&quot;:[]}}\" data-widget_type=\"image.default\">\n\t\t\t\t\t\t\t\t\t\t\t\t\t\t\t<img decoding=\"async\" width=\"1024\" height=\"834\" src=\"https:\/\/medv-design.org\/wp-content\/uploads\/2026\/03\/Flamant-Kleuren-1024x834.jpg\" class=\"attachment-large size-large wp-image-3787\" alt=\"\" srcset=\"https:\/\/medv-design.org\/wp-content\/uploads\/2026\/03\/Flamant-Kleuren-1024x834.jpg 1024w, https:\/\/medv-design.org\/wp-content\/uploads\/2026\/03\/Flamant-Kleuren-300x244.jpg 300w, https:\/\/medv-design.org\/wp-content\/uploads\/2026\/03\/Flamant-Kleuren-500x407.jpg 500w, https:\/\/medv-design.org\/wp-content\/uploads\/2026\/03\/Flamant-Kleuren-768x625.jpg 768w, https:\/\/medv-design.org\/wp-content\/uploads\/2026\/03\/Flamant-Kleuren.jpg 1056w\" sizes=\"(max-width: 1024px) 100vw, 1024px\" \/>\t\t\t\t\t\t\t\t\t\t\t\t\t\t\t<\/div>\n\t\t\t\t<\/div>\n\t\t<div class=\"elementor-element elementor-element-8d47c4c e-con-full e-flex e-con e-child\" data-id=\"8d47c4c\" data-element_type=\"container\" data-e-type=\"container\">\n\t\t\t\t<div class=\"elementor-element elementor-element-96db5d9 e-transform elementor-widget elementor-widget-image\" data-id=\"96db5d9\" data-element_type=\"widget\" data-e-type=\"widget\" data-settings=\"{&quot;_transform_scale_effect_hover&quot;:{&quot;unit&quot;:&quot;px&quot;,&quot;size&quot;:1.1,&quot;sizes&quot;:[]},&quot;_transform_scale_effect_hover_tablet&quot;:{&quot;unit&quot;:&quot;px&quot;,&quot;size&quot;:&quot;&quot;,&quot;sizes&quot;:[]},&quot;_transform_scale_effect_hover_mobile&quot;:{&quot;unit&quot;:&quot;px&quot;,&quot;size&quot;:&quot;&quot;,&quot;sizes&quot;:[]}}\" data-widget_type=\"image.default\">\n\t\t\t\t\t\t\t\t\t\t\t\t\t\t\t<img loading=\"lazy\" decoding=\"async\" width=\"1024\" height=\"834\" src=\"https:\/\/medv-design.org\/wp-content\/uploads\/2026\/03\/Sigma-Coatings-1024x834.jpg\" class=\"attachment-large size-large wp-image-3788\" alt=\"\" srcset=\"https:\/\/medv-design.org\/wp-content\/uploads\/2026\/03\/Sigma-Coatings-1024x834.jpg 1024w, https:\/\/medv-design.org\/wp-content\/uploads\/2026\/03\/Sigma-Coatings-300x244.jpg 300w, https:\/\/medv-design.org\/wp-content\/uploads\/2026\/03\/Sigma-Coatings-500x407.jpg 500w, https:\/\/medv-design.org\/wp-content\/uploads\/2026\/03\/Sigma-Coatings-768x625.jpg 768w, https:\/\/medv-design.org\/wp-content\/uploads\/2026\/03\/Sigma-Coatings.jpg 1056w\" sizes=\"(max-width: 1024px) 100vw, 1024px\" \/>\t\t\t\t\t\t\t\t\t\t\t\t\t\t\t<\/div>\n\t\t\t\t<\/div>\n\t\t<div class=\"elementor-element elementor-element-7986fb0 e-con-full e-flex e-con e-child\" data-id=\"7986fb0\" data-element_type=\"container\" data-e-type=\"container\">\n\t\t\t\t<div class=\"elementor-element elementor-element-4c874e3 e-transform elementor-widget elementor-widget-image\" data-id=\"4c874e3\" data-element_type=\"widget\" data-e-type=\"widget\" data-settings=\"{&quot;_transform_scale_effect_hover&quot;:{&quot;unit&quot;:&quot;px&quot;,&quot;size&quot;:1.1,&quot;sizes&quot;:[]},&quot;_transform_scale_effect_hover_tablet&quot;:{&quot;unit&quot;:&quot;px&quot;,&quot;size&quot;:&quot;&quot;,&quot;sizes&quot;:[]},&quot;_transform_scale_effect_hover_mobile&quot;:{&quot;unit&quot;:&quot;px&quot;,&quot;size&quot;:&quot;&quot;,&quot;sizes&quot;:[]}}\" data-widget_type=\"image.default\">\n\t\t\t\t\t\t\t\t\t\t\t\t\t\t\t<img loading=\"lazy\" decoding=\"async\" width=\"1024\" height=\"834\" src=\"https:\/\/medv-design.org\/wp-content\/uploads\/2026\/03\/NCS-Kleuren-1024x834.jpg\" class=\"attachment-large size-large wp-image-3795\" alt=\"\" srcset=\"https:\/\/medv-design.org\/wp-content\/uploads\/2026\/03\/NCS-Kleuren-1024x834.jpg 1024w, https:\/\/medv-design.org\/wp-content\/uploads\/2026\/03\/NCS-Kleuren-300x244.jpg 300w, https:\/\/medv-design.org\/wp-content\/uploads\/2026\/03\/NCS-Kleuren-500x407.jpg 500w, https:\/\/medv-design.org\/wp-content\/uploads\/2026\/03\/NCS-Kleuren-768x625.jpg 768w, https:\/\/medv-design.org\/wp-content\/uploads\/2026\/03\/NCS-Kleuren.jpg 1056w\" sizes=\"(max-width: 1024px) 100vw, 1024px\" \/>\t\t\t\t\t\t\t\t\t\t\t\t\t\t\t<\/div>\n\t\t\t\t<\/div>\n\t\t<div class=\"elementor-element elementor-element-ad23280 e-con-full e-flex e-con e-child\" data-id=\"ad23280\" data-element_type=\"container\" data-e-type=\"container\">\n\t\t\t\t<div class=\"elementor-element elementor-element-17e46c8 e-transform elementor-widget elementor-widget-image\" data-id=\"17e46c8\" data-element_type=\"widget\" data-e-type=\"widget\" data-settings=\"{&quot;_transform_scale_effect_hover&quot;:{&quot;unit&quot;:&quot;px&quot;,&quot;size&quot;:1.1,&quot;sizes&quot;:[]},&quot;_transform_scale_effect_hover_tablet&quot;:{&quot;unit&quot;:&quot;px&quot;,&quot;size&quot;:&quot;&quot;,&quot;sizes&quot;:[]},&quot;_transform_scale_effect_hover_mobile&quot;:{&quot;unit&quot;:&quot;px&quot;,&quot;size&quot;:&quot;&quot;,&quot;sizes&quot;:[]}}\" data-widget_type=\"image.default\">\n\t\t\t\t\t\t\t\t\t\t\t\t\t\t\t<img loading=\"lazy\" decoding=\"async\" width=\"1024\" height=\"834\" src=\"https:\/\/medv-design.org\/wp-content\/uploads\/2026\/03\/Trimetal-Kleuren-1024x834.jpg\" class=\"attachment-large size-large wp-image-3796\" alt=\"\" srcset=\"https:\/\/medv-design.org\/wp-content\/uploads\/2026\/03\/Trimetal-Kleuren-1024x834.jpg 1024w, https:\/\/medv-design.org\/wp-content\/uploads\/2026\/03\/Trimetal-Kleuren-300x244.jpg 300w, https:\/\/medv-design.org\/wp-content\/uploads\/2026\/03\/Trimetal-Kleuren-500x407.jpg 500w, https:\/\/medv-design.org\/wp-content\/uploads\/2026\/03\/Trimetal-Kleuren-768x625.jpg 768w, https:\/\/medv-design.org\/wp-content\/uploads\/2026\/03\/Trimetal-Kleuren.jpg 1056w\" sizes=\"(max-width: 1024px) 100vw, 1024px\" \/>\t\t\t\t\t\t\t\t\t\t\t\t\t\t\t<\/div>\n\t\t\t\t<\/div>\n\t\t<div class=\"elementor-element elementor-element-a29132e e-con-full e-flex e-con e-child\" data-id=\"a29132e\" data-element_type=\"container\" data-e-type=\"container\">\n\t\t\t\t<div class=\"elementor-element elementor-element-a89b64a e-transform e-transform elementor-widget elementor-widget-image\" data-id=\"a89b64a\" data-element_type=\"widget\" data-e-type=\"widget\" data-settings=\"{&quot;_transform_scale_effect_hover&quot;:{&quot;unit&quot;:&quot;px&quot;,&quot;size&quot;:1.1,&quot;sizes&quot;:[]},&quot;_transform_translateX_effect_hover&quot;:{&quot;unit&quot;:&quot;px&quot;,&quot;size&quot;:&quot;&quot;,&quot;sizes&quot;:[]},&quot;_transform_translateX_effect_hover_tablet&quot;:{&quot;unit&quot;:&quot;px&quot;,&quot;size&quot;:&quot;&quot;,&quot;sizes&quot;:[]},&quot;_transform_translateX_effect_hover_mobile&quot;:{&quot;unit&quot;:&quot;px&quot;,&quot;size&quot;:&quot;&quot;,&quot;sizes&quot;:[]},&quot;_transform_translateY_effect_hover&quot;:{&quot;unit&quot;:&quot;px&quot;,&quot;size&quot;:&quot;&quot;,&quot;sizes&quot;:[]},&quot;_transform_translateY_effect_hover_tablet&quot;:{&quot;unit&quot;:&quot;px&quot;,&quot;size&quot;:&quot;&quot;,&quot;sizes&quot;:[]},&quot;_transform_translateY_effect_hover_mobile&quot;:{&quot;unit&quot;:&quot;px&quot;,&quot;size&quot;:&quot;&quot;,&quot;sizes&quot;:[]},&quot;_transform_scale_effect_hover_tablet&quot;:{&quot;unit&quot;:&quot;px&quot;,&quot;size&quot;:&quot;&quot;,&quot;sizes&quot;:[]},&quot;_transform_scale_effect_hover_mobile&quot;:{&quot;unit&quot;:&quot;px&quot;,&quot;size&quot;:&quot;&quot;,&quot;sizes&quot;:[]}}\" data-widget_type=\"image.default\">\n\t\t\t\t\t\t\t\t\t\t\t\t\t\t\t<img loading=\"lazy\" decoding=\"async\" width=\"1024\" height=\"834\" src=\"https:\/\/medv-design.org\/wp-content\/uploads\/2026\/03\/Sikkens-Kleuren-1024x834.jpg\" class=\"attachment-large size-large wp-image-3797\" alt=\"\" srcset=\"https:\/\/medv-design.org\/wp-content\/uploads\/2026\/03\/Sikkens-Kleuren-1024x834.jpg 1024w, https:\/\/medv-design.org\/wp-content\/uploads\/2026\/03\/Sikkens-Kleuren-300x244.jpg 300w, https:\/\/medv-design.org\/wp-content\/uploads\/2026\/03\/Sikkens-Kleuren-500x407.jpg 500w, https:\/\/medv-design.org\/wp-content\/uploads\/2026\/03\/Sikkens-Kleuren-768x625.jpg 768w, https:\/\/medv-design.org\/wp-content\/uploads\/2026\/03\/Sikkens-Kleuren.jpg 1056w\" sizes=\"(max-width: 1024px) 100vw, 1024px\" \/>\t\t\t\t\t\t\t\t\t\t\t\t\t\t\t<\/div>\n\t\t\t\t<\/div>\n\t\t\t\t\t<\/div>\n\t\t\t\t<\/div>\n\t\t\t\t<\/div>","protected":false},"excerpt":{"rendered":"<p>Ben je op zoek naar een specifieke kleur? De meest gebruikte kleurenkaarten vind je hieronder terug. Ken je de kleurencode die je wenst voor je verf? Geef die dan eenvoudig in bij het kiezen van je verf. Wist je dat je zo goed als alle kleuren kunt maken met onze verf. Zo kun je gerust [&hellip;]<\/p>\n","protected":false},"author":1,"featured_media":0,"parent":0,"menu_order":0,"comment_status":"closed","ping_status":"closed","template":"","meta":{"footnotes":""},"class_list":["post-2256","page","type-page","status-publish","hentry"],"blocksy_meta":{"has_hero_section":"default","styles_descriptor":{"styles":{"desktop":"","tablet":"","mobile":""},"google_fonts":[],"version":6}},"_links":{"self":[{"href":"https:\/\/medv-design.org\/fr\/wp-json\/wp\/v2\/pages\/2256","targetHints":{"allow":["GET"]}}],"collection":[{"href":"https:\/\/medv-design.org\/fr\/wp-json\/wp\/v2\/pages"}],"about":[{"href":"https:\/\/medv-design.org\/fr\/wp-json\/wp\/v2\/types\/page"}],"author":[{"embeddable":true,"href":"https:\/\/medv-design.org\/fr\/wp-json\/wp\/v2\/users\/1"}],"replies":[{"embeddable":true,"href":"https:\/\/medv-design.org\/fr\/wp-json\/wp\/v2\/comments?post=2256"}],"version-history":[{"count":44,"href":"https:\/\/medv-design.org\/fr\/wp-json\/wp\/v2\/pages\/2256\/revisions"}],"predecessor-version":[{"id":3800,"href":"https:\/\/medv-design.org\/fr\/wp-json\/wp\/v2\/pages\/2256\/revisions\/3800"}],"wp:attachment":[{"href":"https:\/\/medv-design.org\/fr\/wp-json\/wp\/v2\/media?parent=2256"}],"curies":[{"name":"wp","href":"https:\/\/api.w.org\/{rel}","templated":true}]}}