{"id":2193,"date":"2026-02-06T17:14:24","date_gmt":"2026-02-06T17:14:24","guid":{"rendered":"https:\/\/medv-design.org\/?page_id=2193"},"modified":"2026-02-06T17:25:12","modified_gmt":"2026-02-06T17:25:12","slug":"verzenden-en-retourneren","status":"publish","type":"page","link":"https:\/\/medv-design.org\/fr\/verzenden-en-retourneren\/","title":{"rendered":"Exp\u00e9dition et retours"},"content":{"rendered":"<div data-elementor-type=\"wp-page\" data-elementor-id=\"2193\" class=\"elementor elementor-2193\" data-elementor-post-type=\"page\">\n\t\t\t\t<div class=\"elementor-element elementor-element-4159483 e-grid e-con-boxed e-con e-parent\" data-id=\"4159483\" data-element_type=\"container\" data-e-type=\"container\">\n\t\t\t\t\t<div class=\"e-con-inner\">\n\t\t\t\t<div class=\"elementor-element elementor-element-4d99450 elementor-view-default elementor-position-block-start elementor-mobile-position-block-start elementor-widget elementor-widget-icon-box\" data-id=\"4d99450\" data-element_type=\"widget\" data-e-type=\"widget\" data-widget_type=\"icon-box.default\">\n\t\t\t\t\t\t\t<div class=\"elementor-icon-box-wrapper\">\n\n\t\t\t\t\t\t<div class=\"elementor-icon-box-icon\">\n\t\t\t\t<span  class=\"elementor-icon\">\n\t\t\t\t<svg aria-hidden=\"true\" class=\"e-font-icon-svg e-fas-truck-loading\" viewbox=\"0 0 640 512\" xmlns=\"http:\/\/www.w3.org\/2000\/svg\"><path d=\"M50.2 375.6c2.3 8.5 11.1 13.6 19.6 11.3l216.4-58c8.5-2.3 13.6-11.1 11.3-19.6l-49.7-185.5c-2.3-8.5-11.1-13.6-19.6-11.3L151 133.3l24.8 92.7-61.8 16.5-24.8-92.7-77.3 20.7C3.4 172.8-1.7 181.6.6 190.1l49.6 185.5zM384 0c-17.7 0-32 14.3-32 32v323.6L5.9 450c-4.3 1.2-6.8 5.6-5.6 9.8l12.6 46.3c1.2 4.3 5.6 6.8 9.8 5.6l393.7-107.4C418.8 464.1 467.6 512 528 512c61.9 0 112-50.1 112-112V0H384zm144 448c-26.5 0-48-21.5-48-48s21.5-48 48-48 48 21.5 48 48-21.5 48-48 48z\"><\/path><\/svg>\t\t\t\t<\/span>\n\t\t\t<\/div>\n\t\t\t\n\t\t\t\t\t\t<div class=\"elementor-icon-box-content\">\n\n\t\t\t\t\t\t\t\t\t<h5 class=\"elementor-icon-box-title\">\n\t\t\t\t\t\t<span  >\n\t\t\t\t\t\t\tCommand\u00e9 avant 16h, exp\u00e9di\u00e9 le jour m\u00eame !\t\t\t\t\t\t<\/span>\n\t\t\t\t\t<\/h5>\n\t\t\t\t\n\t\t\t\t\n\t\t\t<\/div>\n\t\t\t\n\t\t<\/div>\n\t\t\t\t\t\t<\/div>\n\t\t\t\t<div class=\"elementor-element elementor-element-ae675e8 elementor-view-default elementor-position-block-start elementor-mobile-position-block-start elementor-widget elementor-widget-icon-box\" data-id=\"ae675e8\" data-element_type=\"widget\" data-e-type=\"widget\" data-widget_type=\"icon-box.default\">\n\t\t\t\t\t\t\t<div class=\"elementor-icon-box-wrapper\">\n\n\t\t\t\t\t\t<div class=\"elementor-icon-box-icon\">\n\t\t\t\t<span  class=\"elementor-icon\">\n\t\t\t\t<svg aria-hidden=\"true\" class=\"e-font-icon-svg e-fas-gift\" viewbox=\"0 0 512 512\" xmlns=\"http:\/\/www.w3.org\/2000\/svg\"><path d=\"M32 448c0 17.7 14.3 32 32 32h160V320H32v128zm256 32h160c17.7 0 32-14.3 32-32V320H288v160zm192-320h-42.1c6.2-12.1 10.1-25.5 10.1-40 0-48.5-39.5-88-88-88-41.6 0-68.5 21.3-103 68.3-34.5-47-61.4-68.3-103-68.3-48.5 0-88 39.5-88 88 0 14.5 3.8 27.9 10.1 40H32c-17.7 0-32 14.3-32 32v80c0 8.8 7.2 16 16 16h480c8.8 0 16-7.2 16-16v-80c0-17.7-14.3-32-32-32zm-326.1 0c-22.1 0-40-17.9-40-40s17.9-40 40-40c19.9 0 34.6 3.3 86.1 80h-86.1zm206.1 0h-86.1c51.4-76.5 65.7-80 86.1-80 22.1 0 40 17.9 40 40s-17.9 40-40 40z\"><\/path><\/svg>\t\t\t\t<\/span>\n\t\t\t<\/div>\n\t\t\t\n\t\t\t\t\t\t<div class=\"elementor-icon-box-content\">\n\n\t\t\t\t\t\t\t\t\t<h5 class=\"elementor-icon-box-title\">\n\t\t\t\t\t\t<span  >\n\t\t\t\t\t\t\tLivraison gratuite \u00e0 partir de 75 euros\t\t\t\t\t\t<\/span>\n\t\t\t\t\t<\/h5>\n\t\t\t\t\n\t\t\t\t\n\t\t\t<\/div>\n\t\t\t\n\t\t<\/div>\n\t\t\t\t\t\t<\/div>\n\t\t\t\t\t<\/div>\n\t\t\t\t<\/div>\n\t\t<div class=\"elementor-element elementor-element-2fe37ad e-flex e-con-boxed e-con e-parent\" data-id=\"2fe37ad\" data-element_type=\"container\" data-e-type=\"container\">\n\t\t\t\t\t<div class=\"e-con-inner\">\n\t\t<div class=\"elementor-element elementor-element-453d603 e-con-full e-flex e-con e-child\" data-id=\"453d603\" data-element_type=\"container\" data-e-type=\"container\">\n\t\t\t\t<div class=\"elementor-element elementor-element-88f9b3b elementor-widget elementor-widget-text-editor\" data-id=\"88f9b3b\" data-element_type=\"widget\" data-e-type=\"widget\" data-widget_type=\"text-editor.default\">\n\t\t\t\t\t\t\t\t\t<h4>Nos m\u00e9thodes d'exp\u00e9dition<\/h4>\n<p class=\"p1\">La majorit\u00e9 de nos marchandises sont exp\u00e9di\u00e9es par Bpost et DPD, mais nous pouvons \u00e9galement envoyer des commandes plus importantes en faisant appel \u00e0 une soci\u00e9t\u00e9 de transport sp\u00e9cialis\u00e9e telle que Transforce.<\/p>\n<p class=\"p1\">Avec Bpost et DPD, vous avez \u00e9galement la possibilit\u00e9 de retirer votre commande dans un point de collecte, ou bien de venir dans notre magasin \u00e0 Bruges.<\/p>\n<p class=\"p1\">Aucun frais de transport ne sera factur\u00e9 pour les commandes d'une valeur sup\u00e9rieure \u00e0 75 euros.<\/p>\n<p class=\"p1\">Sous 75 \u20ac, 6,95 \u20ac de frais d\u2019exp\u00e9dition seront ajout\u00e9s.<\/p>\n<p class=\"p1\">Toute commande pass\u00e9e avant 16h00 sera exp\u00e9di\u00e9e le jour m\u00eame tant que le produit est en stock. Environ 90 % des produits que nous proposons sont en stock. Si ce n\u2019est pas le cas, dans 95 % des cas, il sera envoy\u00e9 le lendemain.<\/p>\n<p class=\"p1\">Bien entendu, vous pouvez toujours nous contacter pour savoir quand vos produits seront exp\u00e9di\u00e9s au plus tard.<\/p>\t\t\t\t\t\t\t\t<\/div>\n\t\t\t\t<\/div>\n\t\t<div class=\"elementor-element elementor-element-3c79cc4 e-con-full e-flex e-con e-child\" data-id=\"3c79cc4\" data-element_type=\"container\" data-e-type=\"container\">\n\t\t\t\t<div class=\"elementor-element elementor-element-9e77845 elementor-widget elementor-widget-image\" data-id=\"9e77845\" data-element_type=\"widget\" data-e-type=\"widget\" data-widget_type=\"image.default\">\n\t\t\t\t\t\t\t\t\t\t\t\t\t\t\t<img fetchpriority=\"high\" decoding=\"async\" width=\"1024\" height=\"683\" src=\"https:\/\/medv-design.org\/wp-content\/uploads\/2026\/02\/delivery-1-1-1024x683.webp\" class=\"attachment-large size-large wp-image-2198\" alt=\"\" srcset=\"https:\/\/medv-design.org\/wp-content\/uploads\/2026\/02\/delivery-1-1-1024x683.webp 1024w, https:\/\/medv-design.org\/wp-content\/uploads\/2026\/02\/delivery-1-1-300x200.webp 300w, https:\/\/medv-design.org\/wp-content\/uploads\/2026\/02\/delivery-1-1-scaled-500x334.webp 500w, https:\/\/medv-design.org\/wp-content\/uploads\/2026\/02\/delivery-1-1-768x512.webp 768w, https:\/\/medv-design.org\/wp-content\/uploads\/2026\/02\/delivery-1-1-1536x1025.webp 1536w, https:\/\/medv-design.org\/wp-content\/uploads\/2026\/02\/delivery-1-1-2048x1366.webp 2048w, https:\/\/medv-design.org\/wp-content\/uploads\/2026\/02\/delivery-1-1-1320x881.webp 1320w\" sizes=\"(max-width: 1024px) 100vw, 1024px\" \/>\t\t\t\t\t\t\t\t\t\t\t\t\t\t\t<\/div>\n\t\t\t\t<\/div>\n\t\t\t\t\t<\/div>\n\t\t\t\t<\/div>\n\t\t<div class=\"elementor-element elementor-element-6a55dd8 e-flex e-con-boxed e-con e-parent\" data-id=\"6a55dd8\" data-element_type=\"container\" data-e-type=\"container\">\n\t\t\t\t\t<div class=\"e-con-inner\">\n\t\t<div class=\"elementor-element elementor-element-1009ede e-con-full e-flex e-con e-child\" data-id=\"1009ede\" data-element_type=\"container\" data-e-type=\"container\">\n\t\t\t\t<div class=\"elementor-element elementor-element-08e9607 elementor-widget elementor-widget-image\" data-id=\"08e9607\" data-element_type=\"widget\" data-e-type=\"widget\" data-widget_type=\"image.default\">\n\t\t\t\t\t\t\t\t\t\t\t\t\t\t\t<img decoding=\"async\" width=\"1024\" height=\"559\" src=\"https:\/\/medv-design.org\/wp-content\/uploads\/2026\/02\/Shopoffline-1024x559.webp\" class=\"attachment-large size-large wp-image-2197\" alt=\"\" srcset=\"https:\/\/medv-design.org\/wp-content\/uploads\/2026\/02\/Shopoffline-1024x559.webp 1024w, https:\/\/medv-design.org\/wp-content\/uploads\/2026\/02\/Shopoffline-300x164.webp 300w, https:\/\/medv-design.org\/wp-content\/uploads\/2026\/02\/Shopoffline-768x419.webp 768w, https:\/\/medv-design.org\/wp-content\/uploads\/2026\/02\/Shopoffline-1536x839.webp 1536w, https:\/\/medv-design.org\/wp-content\/uploads\/2026\/02\/Shopoffline-2048x1118.webp 2048w, https:\/\/medv-design.org\/wp-content\/uploads\/2026\/02\/Shopoffline-500x273.webp 500w, https:\/\/medv-design.org\/wp-content\/uploads\/2026\/02\/Shopoffline-1320x721.webp 1320w, https:\/\/medv-design.org\/wp-content\/uploads\/2026\/02\/Shopoffline-400x218.webp 400w\" sizes=\"(max-width: 1024px) 100vw, 1024px\" \/>\t\t\t\t\t\t\t\t\t\t\t\t\t\t\t<\/div>\n\t\t\t\t<\/div>\n\t\t<div class=\"elementor-element elementor-element-793a319 e-con-full e-flex e-con e-child\" data-id=\"793a319\" data-element_type=\"container\" data-e-type=\"container\">\n\t\t<div class=\"elementor-element elementor-element-35ec907 e-con-full e-flex e-con e-child\" data-id=\"35ec907\" data-element_type=\"container\" data-e-type=\"container\">\n\t\t\t\t<div class=\"elementor-element elementor-element-bb21c65 elementor-widget elementor-widget-text-editor\" data-id=\"bb21c65\" data-element_type=\"widget\" data-e-type=\"widget\" data-widget_type=\"text-editor.default\">\n\t\t\t\t\t\t\t\t\t<h4>Retrait en magasin<\/h4>\n\n<p>\n  Votre commande sera pr\u00eate \u00e0 \u00eatre retir\u00e9e au magasin d\u00e8s que vous aurez re\u00e7u un e-mail \u00e0 cet effet.\n<\/p>\n\n<p>\n  <strong>Adresse :<\/strong> Blankenbergse Steenweg 378 \u2013 8000 Bruges<br>\n  <strong>Heures d'ouverture :<\/strong> Lundi \u2013 Ven : 8h30 \u2013 17h. Sam : 9h \u2013 12h.\n<\/p>\t\t\t\t\t\t\t\t<\/div>\n\t\t\t\t<\/div>\n\t\t<div class=\"elementor-element elementor-element-5100742 e-con-full e-flex e-con e-child\" data-id=\"5100742\" data-element_type=\"container\" data-e-type=\"container\">\n\t\t\t\t<div class=\"elementor-element elementor-element-dd101df elementor-widget elementor-widget-text-editor\" data-id=\"dd101df\" data-element_type=\"widget\" data-e-type=\"widget\" data-widget_type=\"text-editor.default\">\n\t\t\t\t\t\t\t\t\t<h4>Retour<\/h4><p>Vous avez fait une erreur en passant votre commande ? \u00c7a peut arriver ! Vous pouvez simplement retourner la plupart des achats, y compris la peinture, tant qu\u2019elle n\u2019a pas \u00e9t\u00e9 tach\u00e9e et bien s\u00fbr n\u2019a pas \u00e9t\u00e9 utilis\u00e9e. Vous n\u2019avez qu\u2019\u00e0 enregistrer le retour aupr\u00e8s de nous, apr\u00e8s quoi nous vous fournirons un num\u00e9ro de retour, puis vous disposerez de 14 jours suppl\u00e9mentaires pour retourner efficacement les produits.\u00a0<a href=\"mailto:info@paintstore.be\">Je souhaite enregistrer un retour<\/a><\/p><p>N'oubliez pas que les retours sont \u00e0 vos frais.<\/p>\t\t\t\t\t\t\t\t<\/div>\n\t\t\t\t<\/div>\n\t\t\t\t<\/div>\n\t\t\t\t\t<\/div>\n\t\t\t\t<\/div>\n\t\t\t\t<\/div>","protected":false},"excerpt":{"rendered":"<p>Voor 16u besteld, dezelfde dag verzonden! Gratis verzending vanaf \u20ac 75 Onze verzendmethoden Het grotendeel van onze goederen worden via Bpost en DPD verstuurd maar het kan ook gebeuren dat we grotere bestellingen met een gespecialiseerde transportfirma versturen zoals Transforce. Bij Bpost en DPD heb je ook de optie om jouw bestelling in een afhaalpunt [&hellip;]<\/p>\n","protected":false},"author":1,"featured_media":0,"parent":0,"menu_order":0,"comment_status":"closed","ping_status":"closed","template":"","meta":{"footnotes":""},"class_list":["post-2193","page","type-page","status-publish","hentry"],"blocksy_meta":[],"_links":{"self":[{"href":"https:\/\/medv-design.org\/fr\/wp-json\/wp\/v2\/pages\/2193","targetHints":{"allow":["GET"]}}],"collection":[{"href":"https:\/\/medv-design.org\/fr\/wp-json\/wp\/v2\/pages"}],"about":[{"href":"https:\/\/medv-design.org\/fr\/wp-json\/wp\/v2\/types\/page"}],"author":[{"embeddable":true,"href":"https:\/\/medv-design.org\/fr\/wp-json\/wp\/v2\/users\/1"}],"replies":[{"embeddable":true,"href":"https:\/\/medv-design.org\/fr\/wp-json\/wp\/v2\/comments?post=2193"}],"version-history":[{"count":8,"href":"https:\/\/medv-design.org\/fr\/wp-json\/wp\/v2\/pages\/2193\/revisions"}],"predecessor-version":[{"id":2206,"href":"https:\/\/medv-design.org\/fr\/wp-json\/wp\/v2\/pages\/2193\/revisions\/2206"}],"wp:attachment":[{"href":"https:\/\/medv-design.org\/fr\/wp-json\/wp\/v2\/media?parent=2193"}],"curies":[{"name":"wp","href":"https:\/\/api.w.org\/{rel}","templated":true}]}}